{"id":20974,"date":"2025-02-06T17:54:37","date_gmt":"2025-02-06T17:54:37","guid":{"rendered":"https:\/\/www.carmelo.com\/?post_type=product&#038;p=20974"},"modified":"2025-02-06T18:14:05","modified_gmt":"2025-02-06T18:14:05","slug":"keystone-pins","status":"publish","type":"product","link":"https:\/\/www.carmelo.com\/en\/product\/keystone-pins\/","title":{"rendered":"Keystone Pins"},"content":{"rendered":"<p>El sistema de &#8220;pins&#8221; de interconexi\u00f3n de Keystone maximiza las opciones de dise\u00f1o, mejora el proceso de instalaci\u00f3n y aumenta la integridad estructural de los muros de contenci\u00f3n. Los &#8220;pins&#8221; de interconexi\u00f3n tambi\u00e9n son eficientes, permiten una instalaci\u00f3n casi vertical o con retroceso, y mejoran la interacci\u00f3n con los textiles geosint\u00e9ticos. Los &#8220;pins&#8221; Keystone tambi\u00e9n son a prueba del clima, lo que ayuda al muro a resistir los desaf\u00edos clim\u00e1ticos.<\/p>\n<p>&nbsp;<\/p>\n<p>Para conocer m\u00e1s sobre los &#8220;pins&#8221; Keystone, visite:<br \/>\n<a href=\"https:\/\/www.keystonewalls.com\/products\/miscellaneous\/keystone-pins\">https:\/\/www.keystonewalls.com\/products\/miscellaneous\/keystone-pins.<\/a><\/p>\n<p>Carmelo tiene disponibles los Keystone\u2019s \u201cHigh Strength Pins\u201d. Para m\u00e1s informaci\u00f3n, escr\u00edbanos a: <a href=\"mailto:info@carmelo.com\">info@carmelo.com<\/a>.<\/p>\n<p>&nbsp;<\/p>\n","protected":false},"excerpt":{"rendered":"<p>El sistema de &#8220;pins&#8221; de interconexi\u00f3n Keystone optimiza el dise\u00f1o y la instalaci\u00f3n de muros de contenci\u00f3n, mejorando su integridad estructural y resistencia clim\u00e1tica, con instalaci\u00f3n eficiente y compatibilidad con textiles geosint\u00e9ticos.<\/p>\n","protected":false},"featured_media":19641,"template":"","meta":[],"product_brand":[],"product_cat":[390],"product_tag":[],"class_list":{"0":"post-20974","1":"product","2":"type-product","3":"status-publish","4":"has-post-thumbnail","6":"product_cat-muros","8":"first","9":"instock","10":"shipping-taxable","11":"product-type-simple"},"_links":{"self":[{"href":"https:\/\/www.carmelo.com\/en\/wp-json\/wp\/v2\/product\/20974","targetHints":{"allow":["GET"]}}],"collection":[{"href":"https:\/\/www.carmelo.com\/en\/wp-json\/wp\/v2\/product"}],"about":[{"href":"https:\/\/www.carmelo.com\/en\/wp-json\/wp\/v2\/types\/product"}],"wp:featuredmedia":[{"embeddable":true,"href":"https:\/\/www.carmelo.com\/en\/wp-json\/wp\/v2\/media\/19641"}],"wp:attachment":[{"href":"https:\/\/www.carmelo.com\/en\/wp-json\/wp\/v2\/media?parent=20974"}],"wp:term":[{"taxonomy":"product_brand","embeddable":true,"href":"https:\/\/www.carmelo.com\/en\/wp-json\/wp\/v2\/product_brand?post=20974"},{"taxonomy":"product_cat","embeddable":true,"href":"https:\/\/www.carmelo.com\/en\/wp-json\/wp\/v2\/product_cat?post=20974"},{"taxonomy":"product_tag","embeddable":true,"href":"https:\/\/www.carmelo.com\/en\/wp-json\/wp\/v2\/product_tag?post=20974"}],"curies":[{"name":"wp","href":"https:\/\/api.w.org\/{rel}","templated":true}]}}