{"id":20970,"date":"2025-02-06T17:32:06","date_gmt":"2025-02-06T17:32:06","guid":{"rendered":"https:\/\/www.carmelo.com\/?post_type=product&#038;p=20970"},"modified":"2025-02-11T15:30:30","modified_gmt":"2025-02-11T15:30:30","slug":"keystone-country-manor","status":"publish","type":"product","link":"https:\/\/www.carmelo.com\/en\/product\/keystone-country-manor\/","title":{"rendered":"Keystone Country Manor"},"content":{"rendered":"<p>El Keystone Country Manor permite dise\u00f1ar muros de contenci\u00f3n de hasta 3 pies de altura (o m\u00e1s con la ingenier\u00eda adecuada y refuerzo geosint\u00e9tico), muros independientes, cocinas exteriores, chimeneas, fogatas, bancos y m\u00e1s. Al ser un sistema de muro altamente vers\u00e1til, combina el encanto de una pared de piedra colocada a mano con una gran flexibilidad de dise\u00f1o, gracias a sus unidades \u00fanicas (con tres lados acabados) que aprovechan el sistema de &#8220;pins&#8221; de interconexi\u00f3n de Keystone.<\/p>\n","protected":false},"excerpt":{"rendered":"<p>El Keystone Country Manor ofrece dise\u00f1o y versatilidad para muros de contenci\u00f3n, cocinas exteriores, bancos y m\u00e1s. Su estilo r\u00fastico y sistema de interconexi\u00f3n lo convierten en una soluci\u00f3n est\u00e9tica y funcional para cualquier proyecto.<\/p>\n","protected":false},"featured_media":19636,"template":"","meta":[],"product_brand":[],"product_cat":[393,391],"product_tag":[],"class_list":{"0":"post-20970","1":"product","2":"type-product","3":"status-publish","4":"has-post-thumbnail","6":"product_cat-bloques-decorativos","7":"product_cat-decorativos","9":"first","10":"instock","11":"shipping-taxable","12":"product-type-simple"},"_links":{"self":[{"href":"https:\/\/www.carmelo.com\/en\/wp-json\/wp\/v2\/product\/20970","targetHints":{"allow":["GET"]}}],"collection":[{"href":"https:\/\/www.carmelo.com\/en\/wp-json\/wp\/v2\/product"}],"about":[{"href":"https:\/\/www.carmelo.com\/en\/wp-json\/wp\/v2\/types\/product"}],"wp:featuredmedia":[{"embeddable":true,"href":"https:\/\/www.carmelo.com\/en\/wp-json\/wp\/v2\/media\/19636"}],"wp:attachment":[{"href":"https:\/\/www.carmelo.com\/en\/wp-json\/wp\/v2\/media?parent=20970"}],"wp:term":[{"taxonomy":"product_brand","embeddable":true,"href":"https:\/\/www.carmelo.com\/en\/wp-json\/wp\/v2\/product_brand?post=20970"},{"taxonomy":"product_cat","embeddable":true,"href":"https:\/\/www.carmelo.com\/en\/wp-json\/wp\/v2\/product_cat?post=20970"},{"taxonomy":"product_tag","embeddable":true,"href":"https:\/\/www.carmelo.com\/en\/wp-json\/wp\/v2\/product_tag?post=20970"}],"curies":[{"name":"wp","href":"https:\/\/api.w.org\/{rel}","templated":true}]}}