{"id":20967,"date":"2025-02-06T17:12:02","date_gmt":"2025-02-06T17:12:02","guid":{"rendered":"https:\/\/www.carmelo.com\/?post_type=product&#038;p=20967"},"modified":"2025-02-14T19:06:04","modified_gmt":"2025-02-14T19:06:04","slug":"keystone-compac-tri-plane","status":"publish","type":"product","link":"https:\/\/www.carmelo.com\/en\/product\/keystone-compac-tri-plane\/","title":{"rendered":"Keystone Compac\u00ae \u2013 Tri-plane"},"content":{"rendered":"<p>El Keystone Compac Tri-plane ofrece m\u00faltiples opciones est\u00e9ticas, versatilidad econ\u00f3mica y un rendimiento comprobado en muros. Su superficie es parcialmente plana, dividida en tres secciones con diferentes \u00e1ngulos. Los instaladores prefieren su peso m\u00e1s ligero y su dise\u00f1o m\u00e1s corto, lo que facilita su manejo, adem\u00e1s de contar con el beneficio adicional de un sistema de conexi\u00f3n con &#8220;pins&#8221; Keystone. Es una opci\u00f3n confiable para arquitectos, ingenieros y contratistas.<\/p>\n<p><strong>Tama\u00f1o: <\/strong>18\u201d L x 12\u201dD x 8\u201dH (457 x 305 x 203 mm)<br \/>\n<strong>Coverage per SF:<\/strong> <b>1 sf (p\/c) 8\u201d x 18\u201d (203 x 457 mm)<\/b><\/p>\n","protected":false},"excerpt":{"rendered":"<p>El Keystone Compac Tri-plane es una soluci\u00f3n vers\u00e1til y eficiente para muros de contenci\u00f3n. Su dise\u00f1o ligero, conexi\u00f3n con &#8220;pins&#8221; y est\u00e9tica adaptable lo convierten en la opci\u00f3n ideal para arquitectos, ingenieros y contratistas.<\/p>\n","protected":false},"featured_media":19649,"template":"","meta":[],"product_brand":[],"product_cat":[390],"product_tag":[],"class_list":{"0":"post-20967","1":"product","2":"type-product","3":"status-publish","4":"has-post-thumbnail","6":"product_cat-muros","8":"first","9":"instock","10":"shipping-taxable","11":"product-type-simple"},"_links":{"self":[{"href":"https:\/\/www.carmelo.com\/en\/wp-json\/wp\/v2\/product\/20967","targetHints":{"allow":["GET"]}}],"collection":[{"href":"https:\/\/www.carmelo.com\/en\/wp-json\/wp\/v2\/product"}],"about":[{"href":"https:\/\/www.carmelo.com\/en\/wp-json\/wp\/v2\/types\/product"}],"wp:featuredmedia":[{"embeddable":true,"href":"https:\/\/www.carmelo.com\/en\/wp-json\/wp\/v2\/media\/19649"}],"wp:attachment":[{"href":"https:\/\/www.carmelo.com\/en\/wp-json\/wp\/v2\/media?parent=20967"}],"wp:term":[{"taxonomy":"product_brand","embeddable":true,"href":"https:\/\/www.carmelo.com\/en\/wp-json\/wp\/v2\/product_brand?post=20967"},{"taxonomy":"product_cat","embeddable":true,"href":"https:\/\/www.carmelo.com\/en\/wp-json\/wp\/v2\/product_cat?post=20967"},{"taxonomy":"product_tag","embeddable":true,"href":"https:\/\/www.carmelo.com\/en\/wp-json\/wp\/v2\/product_tag?post=20967"}],"curies":[{"name":"wp","href":"https:\/\/api.w.org\/{rel}","templated":true}]}}