{"id":20966,"date":"2025-02-06T16:59:38","date_gmt":"2025-02-06T16:59:38","guid":{"rendered":"https:\/\/www.carmelo.com\/?post_type=product&#038;p=20966"},"modified":"2025-02-14T19:08:44","modified_gmt":"2025-02-14T19:08:44","slug":"keystone-compac-straight-split","status":"publish","type":"product","link":"https:\/\/www.carmelo.com\/en\/product\/keystone-compac-straight-split\/","title":{"rendered":"Keystone Compac\u00ae \u2013 Straight Split"},"content":{"rendered":"<p>El Keystone Compac Straight Split ofrece m\u00faltiples opciones est\u00e9ticas, versatilidad econ\u00f3mica y un rendimiento comprobado en muros. Su superficie o cara es completamente plana y rugosa. Los instaladores prefieren su peso m\u00e1s ligero y su dise\u00f1o corto en la parte de atr\u00e1s, lo que facilita su manejo, adem\u00e1s de contar con el beneficio adicional de un sistema de conexi\u00f3n con &#8220;pins&#8221; Keystone. Es una opci\u00f3n confiable para arquitectos, ingenieros y contratistas.<\/p>\n<p><strong>Tama\u00f1o: <\/strong>18\u201d L x 12\u201dD x 8\u201dH (457 x 305 x 203 mm)<br \/>\n<strong>Coverage per SF:<\/strong> <b>1 sf (p\/c) 8\u201d x 18\u201d (203 x 457 mm)<\/b><\/p>\n","protected":false},"excerpt":{"rendered":"<p>El Keystone Compac Straight Split combina est\u00e9tica, versatilidad y alto rendimiento en muros de contenci\u00f3n. Su dise\u00f1o ligero y sistema de conexi\u00f3n eficiente lo hacen ideal para arquitectos, ingenieros y contratistas en cualquier proyecto.<\/p>\n","protected":false},"featured_media":19648,"template":"","meta":[],"product_brand":[],"product_cat":[390],"product_tag":[],"class_list":{"0":"post-20966","1":"product","2":"type-product","3":"status-publish","4":"has-post-thumbnail","6":"product_cat-muros","8":"first","9":"instock","10":"shipping-taxable","11":"product-type-simple"},"_links":{"self":[{"href":"https:\/\/www.carmelo.com\/en\/wp-json\/wp\/v2\/product\/20966","targetHints":{"allow":["GET"]}}],"collection":[{"href":"https:\/\/www.carmelo.com\/en\/wp-json\/wp\/v2\/product"}],"about":[{"href":"https:\/\/www.carmelo.com\/en\/wp-json\/wp\/v2\/types\/product"}],"wp:featuredmedia":[{"embeddable":true,"href":"https:\/\/www.carmelo.com\/en\/wp-json\/wp\/v2\/media\/19648"}],"wp:attachment":[{"href":"https:\/\/www.carmelo.com\/en\/wp-json\/wp\/v2\/media?parent=20966"}],"wp:term":[{"taxonomy":"product_brand","embeddable":true,"href":"https:\/\/www.carmelo.com\/en\/wp-json\/wp\/v2\/product_brand?post=20966"},{"taxonomy":"product_cat","embeddable":true,"href":"https:\/\/www.carmelo.com\/en\/wp-json\/wp\/v2\/product_cat?post=20966"},{"taxonomy":"product_tag","embeddable":true,"href":"https:\/\/www.carmelo.com\/en\/wp-json\/wp\/v2\/product_tag?post=20966"}],"curies":[{"name":"wp","href":"https:\/\/api.w.org\/{rel}","templated":true}]}}