{"id":20961,"date":"2025-02-06T16:20:26","date_gmt":"2025-02-06T16:20:26","guid":{"rendered":"https:\/\/www.carmelo.com\/?post_type=product&#038;p=20961"},"modified":"2025-02-14T19:14:22","modified_gmt":"2025-02-14T19:14:22","slug":"keystone-standard-i-straight-split","status":"publish","type":"product","link":"https:\/\/www.carmelo.com\/en\/product\/keystone-standard-i-straight-split\/","title":{"rendered":"Keystone Standard I \u00ae \u2013 Straight Split"},"content":{"rendered":"<p>El Keystone Standard I Straight Split es una soluci\u00f3n comercial para muros de contenci\u00f3n que ofrece una estabilidad estructural inigualable, eficiencia y un dise\u00f1o basado en principios de ingenier\u00eda s\u00f3lidos. Su superficie o cara es completamente plana y rugosa. Desde proyectos de paisajismo en jardines hasta grandes estructuras reforzadas de carga, sus estilos, colores y posibilidades de dise\u00f1o son ampliamente utilizados por arquitectos, ingenieros y contratistas.<\/p>\n<p><strong>Series I:<\/strong> 8\u201dH x 18\u201dW x 21-1\/2\u201dD (203 x 475 x 546 mm)<br \/>\n<strong>Coverage per SF:<\/strong> 1 sf (p\/c) 8\u201d x 18\u201d (203 x 457 mm)<b><br \/>\n<\/b><\/p>\n","protected":false},"excerpt":{"rendered":"<p>El Keystone Standard I Straight Split es una soluci\u00f3n vers\u00e1til para muros de contenci\u00f3n, ofreciendo estabilidad, eficiencia y un dise\u00f1o resistente. Su acabado rugoso y plano lo hace ideal para proyectos de cualquier escala.<\/p>\n","protected":false},"featured_media":19609,"template":"","meta":[],"product_brand":[],"product_cat":[390],"product_tag":[],"class_list":{"0":"post-20961","1":"product","2":"type-product","3":"status-publish","4":"has-post-thumbnail","6":"product_cat-muros","8":"first","9":"instock","10":"shipping-taxable","11":"product-type-simple"},"_links":{"self":[{"href":"https:\/\/www.carmelo.com\/en\/wp-json\/wp\/v2\/product\/20961","targetHints":{"allow":["GET"]}}],"collection":[{"href":"https:\/\/www.carmelo.com\/en\/wp-json\/wp\/v2\/product"}],"about":[{"href":"https:\/\/www.carmelo.com\/en\/wp-json\/wp\/v2\/types\/product"}],"wp:featuredmedia":[{"embeddable":true,"href":"https:\/\/www.carmelo.com\/en\/wp-json\/wp\/v2\/media\/19609"}],"wp:attachment":[{"href":"https:\/\/www.carmelo.com\/en\/wp-json\/wp\/v2\/media?parent=20961"}],"wp:term":[{"taxonomy":"product_brand","embeddable":true,"href":"https:\/\/www.carmelo.com\/en\/wp-json\/wp\/v2\/product_brand?post=20961"},{"taxonomy":"product_cat","embeddable":true,"href":"https:\/\/www.carmelo.com\/en\/wp-json\/wp\/v2\/product_cat?post=20961"},{"taxonomy":"product_tag","embeddable":true,"href":"https:\/\/www.carmelo.com\/en\/wp-json\/wp\/v2\/product_tag?post=20961"}],"curies":[{"name":"wp","href":"https:\/\/api.w.org\/{rel}","templated":true}]}}