{"id":13296,"date":"2021-07-02T14:58:01","date_gmt":"2021-07-02T14:58:01","guid":{"rendered":"https:\/\/www.carmelo.com\/?post_type=product&#038;p=13296"},"modified":"2025-05-16T17:22:57","modified_gmt":"2025-05-16T17:22:57","slug":"marmolina","status":"publish","type":"product","link":"https:\/\/www.carmelo.com\/en\/product\/marmolina\/","title":{"rendered":"Marmolina"},"content":{"rendered":"<p class=\"p6\">Nuestra marmolina para empa\u00f1etar es una arena fabricada, que se obtiene de la extracci\u00f3n, trituraci\u00f3n y cribado<span class=\"Apple-converted-space\">\u00a0 <\/span>de minerales calizos. Se recomienda principalmente para mortero de pasta y para empa\u00f1etar y tambi\u00e9n se puede utilizar para mamposter\u00eda.<\/p>\n<p class=\"p3\"><b>VENTAJAS Y USO:<\/b><\/p>\n<p class=\"p6\">Su tama\u00f1o m\u00e1ximo de 1.7 mm<span class=\"s1\">, <\/span>no <span class=\"s2\">necesita ser<\/span> cernido en obra, lo que facilita el trabajo de mamposter\u00eda.<\/p>\n<p class=\"p7\"><b>APLICACI\u00d3N<\/b><\/p>\n<p class=\"p6\">Antes de utilizar <span class=\"s2\">una mezcla de<span class=\"Apple-converted-space\">\u00a0 <\/span>marmolina con cemento <\/span>para empa\u00f1etar, aplique un agente adhesivo para crear una mejor adherencia entre el producto y la pared. Al trabajar con una superficie de bloques de concreto, humedezca la pared antes de aplicar el producto.<\/p>\n<p class=\"p8\"><b>CONSIDERACIONES MEDIOAMBIENTALES: <\/b><\/p>\n<p class=\"p3\">Al ser una arena manufacturada de piedra caliza, este producto reemplaza el uso de arenas naturales.<span class=\"Apple-converted-space\">\u00a0 <\/span>Uso de arenas naturales como las de playas impacta negativamente las costas y crea una mezcla de inferior calidad debido a las propiedades de sal que causan corrosi\u00f3n m\u00e1s r\u00e1pida en el acero de refuerzo de las estructuras.<\/p>\n<p class=\"p3\"><b>DISPONIBLE EN SACO 47LBS<\/b><\/p>\n","protected":false},"excerpt":{"rendered":"<p>Nuestra marmolina se recomienda principalmente para mortero de pasta, para empa\u00f1etar y tambi\u00e9n se puede utilizar para mamposter\u00eda.<\/p>\n<hr \/>\n<p class=\"p3\">Our Limestone for Plastering is mainly recommended for paste mortar and matting and can also be used for masonry.<\/p>\n","protected":false},"featured_media":16123,"template":"","meta":[],"product_brand":[],"product_cat":[332,395,399],"product_tag":[],"class_list":{"0":"post-13296","1":"product","2":"type-product","3":"status-publish","4":"has-post-thumbnail","6":"product_cat-mezclas-de-albanileria","7":"product_cat-mezclas-de-albanileria-3","8":"product_cat-uncategorized","9":"pa_presentation-pallet","11":"first","12":"instock","13":"shipping-taxable","14":"purchasable","15":"product-type-simple"},"_links":{"self":[{"href":"https:\/\/www.carmelo.com\/en\/wp-json\/wp\/v2\/product\/13296","targetHints":{"allow":["GET"]}}],"collection":[{"href":"https:\/\/www.carmelo.com\/en\/wp-json\/wp\/v2\/product"}],"about":[{"href":"https:\/\/www.carmelo.com\/en\/wp-json\/wp\/v2\/types\/product"}],"wp:featuredmedia":[{"embeddable":true,"href":"https:\/\/www.carmelo.com\/en\/wp-json\/wp\/v2\/media\/16123"}],"wp:attachment":[{"href":"https:\/\/www.carmelo.com\/en\/wp-json\/wp\/v2\/media?parent=13296"}],"wp:term":[{"taxonomy":"product_brand","embeddable":true,"href":"https:\/\/www.carmelo.com\/en\/wp-json\/wp\/v2\/product_brand?post=13296"},{"taxonomy":"product_cat","embeddable":true,"href":"https:\/\/www.carmelo.com\/en\/wp-json\/wp\/v2\/product_cat?post=13296"},{"taxonomy":"product_tag","embeddable":true,"href":"https:\/\/www.carmelo.com\/en\/wp-json\/wp\/v2\/product_tag?post=13296"}],"curies":[{"name":"wp","href":"https:\/\/api.w.org\/{rel}","templated":true}]}}