{"id":13294,"date":"2021-06-30T16:29:51","date_gmt":"2021-06-30T16:29:51","guid":{"rendered":"https:\/\/www.carmelo.com\/?post_type=product&#038;p=13294"},"modified":"2025-05-16T16:59:05","modified_gmt":"2025-05-16T16:59:05","slug":"mezcla-estructural-4000-psi","status":"publish","type":"product","link":"https:\/\/www.carmelo.com\/en\/product\/mezcla-estructural-4000-psi\/","title":{"rendered":"Mezcla Estructural 4000 PSI"},"content":{"rendered":"<p class=\"p6\">El mortero estructural es una mezcla a base de cemento, arena, fibra y aditivos, que alcanza una resistencia a compresi\u00f3n de 4000 PSI siguiendo la normativa ASTM C109M a 28 d\u00edas. Aplicaciones t\u00edpicas para el producto incluye empa\u00f1etados en proyectos comerciales, industriales y residenciales en nueva construcci\u00f3n.<\/p>\n<p class=\"p2\"><b>VENTAJAS Y USO<\/b><\/p>\n<p class=\"p6\">La mezcla de mortero estructural tiene un alto grado de adherencia y resistencia a la compresi\u00f3n. Se pueden reparar \u00e1reas que requieran alta resistencia en estructuras existentes. Nuestra mezcla de mortero estructural tambi\u00e9n es f\u00e1cil de usar, solo requiriendo la adici\u00f3n de agua en el lugar de trabajo. Se puede aplicar de forma manual y\/o con m\u00e1quinas de aplicaci\u00f3n.<\/p>\n<p class=\"p7\"><b>APLICACI\u00d3N<\/b><\/p>\n<p class=\"p6\">Debido a su alta capacidad de resistencia, el mortero estructural, tambi\u00e9n se utiliza con los paneles estructurales (SCIPs) de Carmelo en todo tipo de obra residencial, comercial o industrial. Tambi\u00e9n es \u00fatil para trabajos de reparaci\u00f3n y construcci\u00f3n de viviendas usando los paneles estructurales similares al sistema GCT \/ M2.<\/p>\n<p class=\"p2\"><b>TONALIDAD<\/b><\/p>\n<p class=\"p2\">Gris<\/p>\n<p class=\"p2\"><b>DISPONIBLE EN SACO 50LBS<\/b><\/p>\n","protected":false},"excerpt":{"rendered":"<p>Mix with a high compression strength of 4000 psi. Use it as a base coat and with mortar application machines over Carmelo GCT Panels \/ concrete substrates.<\/p>\n","protected":false},"featured_media":16124,"template":"","meta":[],"product_brand":[],"product_cat":[330],"product_tag":[],"class_list":{"0":"post-13294","1":"product","2":"type-product","3":"status-publish","4":"has-post-thumbnail","6":"product_cat-mezclas-de-reparacion","7":"pa_presentation-pallet","9":"first","10":"instock","11":"shipping-taxable","12":"purchasable","13":"product-type-simple"},"_links":{"self":[{"href":"https:\/\/www.carmelo.com\/en\/wp-json\/wp\/v2\/product\/13294","targetHints":{"allow":["GET"]}}],"collection":[{"href":"https:\/\/www.carmelo.com\/en\/wp-json\/wp\/v2\/product"}],"about":[{"href":"https:\/\/www.carmelo.com\/en\/wp-json\/wp\/v2\/types\/product"}],"wp:featuredmedia":[{"embeddable":true,"href":"https:\/\/www.carmelo.com\/en\/wp-json\/wp\/v2\/media\/16124"}],"wp:attachment":[{"href":"https:\/\/www.carmelo.com\/en\/wp-json\/wp\/v2\/media?parent=13294"}],"wp:term":[{"taxonomy":"product_brand","embeddable":true,"href":"https:\/\/www.carmelo.com\/en\/wp-json\/wp\/v2\/product_brand?post=13294"},{"taxonomy":"product_cat","embeddable":true,"href":"https:\/\/www.carmelo.com\/en\/wp-json\/wp\/v2\/product_cat?post=13294"},{"taxonomy":"product_tag","embeddable":true,"href":"https:\/\/www.carmelo.com\/en\/wp-json\/wp\/v2\/product_tag?post=13294"}],"curies":[{"name":"wp","href":"https:\/\/api.w.org\/{rel}","templated":true}]}}