{"id":13291,"date":"2021-06-30T16:13:18","date_gmt":"2021-06-30T16:13:18","guid":{"rendered":"https:\/\/www.carmelo.com\/?post_type=product&#038;p=13291"},"modified":"2025-05-16T16:59:39","modified_gmt":"2025-05-16T16:59:39","slug":"mezcla-de-terminacion-impermeable","status":"publish","type":"product","link":"https:\/\/www.carmelo.com\/en\/product\/mezcla-de-terminacion-impermeable\/","title":{"rendered":"Mezcla de Terminaci\u00f3n Impermeable"},"content":{"rendered":"<p class=\"p5\">Nuestra Mezcla de Terminaci\u00f3n Impermeable es una mezcla de ceme<span class=\"s1\">nto, Marmolina (arena) y <\/span>aditivos combinados en proporciones cuidadosamente controladas con propiedades hidrof\u00f3bicas. Esta mezcla fue dise\u00f1ada espec\u00edficamente para reducir la posibilidad de que entre agua a trav\u00e9s de los acabados en estructuras. Proporciona un acabado a prueba de humedad con una f\u00f3rmula f\u00e1cil de usar, proveyendo un excelente rendimiento con la adici\u00f3n de agua.<\/p>\n<p class=\"p1\"><b>VENTAJAS Y USO<\/b><\/p>\n<p class=\"p5\">Nuestro producto est\u00e1 dise\u00f1ado para tener una menor permeabilidad al agua y baja absorci\u00f3n. Tiene una mayor capacidad de adherencia y ayuda con la repelencia al agua y formaci\u00f3n de gotas en las superficies.Se puede aplicar de forma manual y\/o con m\u00e1quinas de aplicaci\u00f3n.<\/p>\n<p class=\"p7\"><b>APLICACI\u00d3N<\/b><\/p>\n<p class=\"p5\">Nuestra Mezcla de Terminaci\u00f3n Impermeable es un producto vers\u00e1til que se puede utilizar para impermeabilizar: por debajo del nivel del suelo y sobre \u00e9ste, muros de s\u00f3tanos y mamposter\u00eda en general, huecos de ascensores y muros con cara al suelo.<\/p>\n<p class=\"p1\"><b>TONALIDAD<\/b><\/p>\n<p class=\"p1\">Gris<\/p>\n<p class=\"p1\"><b>DISPONIBLE EN <\/b><strong>50LBS. SACO, 50LBS. PAILA, 10LBS. GAL\u00d3N<\/strong><\/p>\n","protected":false},"excerpt":{"rendered":"<p class=\"p1\">This mortar repels and reduces the possibility of water entering through finished coats on existing structures and provides a moisture resistant finish.<\/p>\n","protected":false},"featured_media":16125,"template":"","meta":[],"product_brand":[],"product_cat":[330],"product_tag":[],"class_list":{"0":"post-13291","1":"product","2":"type-product","3":"status-publish","4":"has-post-thumbnail","6":"product_cat-mezclas-de-reparacion","7":"pa_presentation-pallet","9":"first","10":"instock","11":"shipping-taxable","12":"purchasable","13":"product-type-variable"},"_links":{"self":[{"href":"https:\/\/www.carmelo.com\/en\/wp-json\/wp\/v2\/product\/13291","targetHints":{"allow":["GET"]}}],"collection":[{"href":"https:\/\/www.carmelo.com\/en\/wp-json\/wp\/v2\/product"}],"about":[{"href":"https:\/\/www.carmelo.com\/en\/wp-json\/wp\/v2\/types\/product"}],"wp:featuredmedia":[{"embeddable":true,"href":"https:\/\/www.carmelo.com\/en\/wp-json\/wp\/v2\/media\/16125"}],"wp:attachment":[{"href":"https:\/\/www.carmelo.com\/en\/wp-json\/wp\/v2\/media?parent=13291"}],"wp:term":[{"taxonomy":"product_brand","embeddable":true,"href":"https:\/\/www.carmelo.com\/en\/wp-json\/wp\/v2\/product_brand?post=13291"},{"taxonomy":"product_cat","embeddable":true,"href":"https:\/\/www.carmelo.com\/en\/wp-json\/wp\/v2\/product_cat?post=13291"},{"taxonomy":"product_tag","embeddable":true,"href":"https:\/\/www.carmelo.com\/en\/wp-json\/wp\/v2\/product_tag?post=13291"}],"curies":[{"name":"wp","href":"https:\/\/api.w.org\/{rel}","templated":true}]}}