{"id":13283,"date":"2021-06-30T14:09:46","date_gmt":"2021-06-30T14:09:46","guid":{"rendered":"https:\/\/www.carmelo.com\/?post_type=product&#038;p=13283"},"modified":"2025-05-16T17:23:41","modified_gmt":"2025-05-16T17:23:41","slug":"mezcla-carmelo-tipo-n","status":"publish","type":"product","link":"https:\/\/www.carmelo.com\/en\/product\/mezcla-carmelo-tipo-n\/","title":{"rendered":"Mezcla Carmelo Tipo N"},"content":{"rendered":"<p class=\"p1\">Nuestra Mezcla Carmelo Tipo N est\u00e1 modificada con pol\u00edmeros y es una mezcla que contiene cemento<span class=\"s1\">, Marmolina (arena) y comb<\/span>inada con aditivos en proporciones cuidadosamente controladas. Esto brinda una calidad consistente al producto con buenas caracter\u00edsticas de mezclado, colocaci\u00f3n y acabado. El producto es un mortero dise\u00f1ado tomando en consideraci\u00f3n los est\u00e1ndares de mezclas para empa\u00f1etados sobre el nivel de terreno. Tambi\u00e9n posee la ventaja que es un producto f\u00e1cil de mezclar con superior adherencia.<\/p>\n<p class=\"p3\"><b>VENTAJAS y USO<\/b><\/p>\n<p class=\"p1\">Nuestra mezcla es vers\u00e1til y se puede utilizar como mortero de mamposter\u00eda para crear muros de bloques y concreto, para colocar bloques o piedra, reparar estucos, aplicaci\u00f3n de una capa exterior \/ interior y capas de mortero con excelentes caracter\u00edsticas de acabado. Se puede aplicar de forma manual y\/o con m\u00e1quinas de aplicaci\u00f3n.<\/p>\n<p class=\"p4\"><b>APLICACI\u00d3N<\/b><\/p>\n<p class=\"p3\">Un producto vers\u00e1til que se puede utilizar con m\u00e1quinas de aplicaci\u00f3n de morteros. Ideal para todos los trabajos que requieran una mezcla modificada a base de cemento con arena.<\/p>\n<p class=\"p3\"><b>TONALIDAD<\/b><\/p>\n<p class=\"p3\">Gris<\/p>\n<p class=\"p3\"><b>DISPONIBLE: <\/b><\/p>\n<p class=\"p3\">Sacos de 50 lbs.<\/p>\n","protected":false},"excerpt":{"rendered":"<p>Mezcla de mortero para en proyectos sobre el suelo. \u00datil para instalaci\u00f3n y empa\u00f1etado de bloques \/ superficies de concreto, y relleno de juntas de bloques arquitect\u00f3nicos \/ piedra decorativa.<\/p>\n<hr \/>\n<p class=\"p1\">Mortar Mix for projects above ground. Useful for installing and plastering blocks\/concrete walls, and joint filler for architectural blocks \/ decorative stone.<\/p>\n","protected":false},"featured_media":16127,"template":"","meta":[],"product_brand":[],"product_cat":[332,399],"product_tag":[],"class_list":{"0":"post-13283","1":"product","2":"type-product","3":"status-publish","4":"has-post-thumbnail","6":"product_cat-mezclas-de-albanileria","7":"product_cat-uncategorized","8":"pa_presentation-pallet","10":"first","11":"instock","12":"shipping-taxable","13":"purchasable","14":"product-type-simple"},"_links":{"self":[{"href":"https:\/\/www.carmelo.com\/en\/wp-json\/wp\/v2\/product\/13283","targetHints":{"allow":["GET"]}}],"collection":[{"href":"https:\/\/www.carmelo.com\/en\/wp-json\/wp\/v2\/product"}],"about":[{"href":"https:\/\/www.carmelo.com\/en\/wp-json\/wp\/v2\/types\/product"}],"wp:featuredmedia":[{"embeddable":true,"href":"https:\/\/www.carmelo.com\/en\/wp-json\/wp\/v2\/media\/16127"}],"wp:attachment":[{"href":"https:\/\/www.carmelo.com\/en\/wp-json\/wp\/v2\/media?parent=13283"}],"wp:term":[{"taxonomy":"product_brand","embeddable":true,"href":"https:\/\/www.carmelo.com\/en\/wp-json\/wp\/v2\/product_brand?post=13283"},{"taxonomy":"product_cat","embeddable":true,"href":"https:\/\/www.carmelo.com\/en\/wp-json\/wp\/v2\/product_cat?post=13283"},{"taxonomy":"product_tag","embeddable":true,"href":"https:\/\/www.carmelo.com\/en\/wp-json\/wp\/v2\/product_tag?post=13283"}],"curies":[{"name":"wp","href":"https:\/\/api.w.org\/{rel}","templated":true}]}}