{"id":12498,"date":"2021-06-24T18:54:12","date_gmt":"2021-06-24T18:54:12","guid":{"rendered":"https:\/\/www.carmelo.com\/?post_type=product&#038;p=12498"},"modified":"2024-10-23T17:26:51","modified_gmt":"2024-10-23T17:26:51","slug":"cal-agricola","status":"publish","type":"product","link":"https:\/\/www.carmelo.com\/en\/product\/cal-agricola\/","title":{"rendered":"Cal Agr\u00edcola"},"content":{"rendered":"<p>La Cal Agr\u00edcola (Carbonato de Calcio) es una arena manufacturada, que se obtiene de minerales calizo de alta pureza. Este producto limpio contiene part\u00edculas en los tama\u00f1os necesarios para un uso agr\u00edcola eficiente. La cal agr\u00edcola se aplica al suelo para aumentar su pH y disminuir su acidez.<\/p>\n<p><strong>BENEFICIO Y USOS:<\/strong><\/p>\n<p>Este producto es una alternativa eficaz que estabiliza suelos \u00e1cidos, neutraliza la toxicidad del aluminio soluble, limpia la tierra y la nutre con calcio. Para obtener los m\u00e1ximos resultados y aumentar la productividad del suelo, la cal agr\u00edcola se presenta con granulometr\u00eda graduada, de manera que libera gradualmente iones de calcio.<\/p>\n<p><strong>\u00daTIL PARA:\u00a0<\/strong><\/p>\n<ul>\n<li>Aportar Calcio (Ca), Magnesio (Mg) y otros nutrientes minerales a la tierra<\/li>\n<li>Permite una mejor actividad microbiol\u00f3gica<\/li>\n<li>Proveer minerales para ayudar a las plantas a asimilar todos los nutrientes aplicados a la tierra (Nitr\u00f3geno, F\u00f3sforo, Potasio, entre otros).<\/li>\n<li>Neutralizar los efectos t\u00f3xicos y acidificantes de minerales como el hierro y el aluminio<\/li>\n<li>Mejorar la eficacia de ciertos herbicidas<\/li>\n<li>Corregir el pH de la tierra y aumentar su fertilidad<\/li>\n<\/ul>\n<p><strong>COLORES:<\/strong><\/p>\n<ul>\n<li aria-level=\"1\">Blanco<\/li>\n<\/ul>\n<p><strong>DISPONIBLE EN SACOS DE 47LBS (21.3kg) Y POR \u00d3RDENES A GRANEL.<\/strong><\/p>\n<p>\u00d3rdenes a granel son de 1000 libras o 2000 libras en Super Sacos con entrega en paletas por cami\u00f3n o se pueden recoger en el local predeterminado con el representante de venta.<\/p>\n<p><strong>CONSIDERACIONES AMBIENTALES:<\/strong><\/p>\n<p>El producto es respetuoso con el ambiente, ya que ni el producto como tal ni sus productos de degradaci\u00f3n son t\u00f3xicos cuando se liberan al ambiente. Al mismo tiempo, el producto tambi\u00e9n ayuda a aumentar el pH del suelo.<\/p>\n","protected":false},"excerpt":{"rendered":"<p><span style=\"font-weight: 400;\">The product provides minerals to help plants assimilate all nutrients applied to the soil, stabilizes the soil&#8217;s pH and reduces its acidity.\u00a0<\/span><\/p>\n<hr \/>\n<p><span style=\"font-weight: 400;\">El producto provee minerales para ayudar a las plantas a asimilar todos los nutrientes aplicados a la tierra, estabiliza el pH de la tierra y disminuye su acidez.<\/span><\/p>\n","protected":false},"featured_media":17645,"template":"","meta":[],"product_brand":[],"product_cat":[336,399],"product_tag":[],"class_list":{"0":"post-12498","1":"product","2":"type-product","3":"status-publish","4":"has-post-thumbnail","6":"product_cat-cal-agricola","7":"product_cat-uncategorized","8":"pa_presentation-pallet","9":"pa_price-for-unit-4-62","10":"pa_size-47-lbs","11":"pa_units-196","13":"first","14":"instock","15":"featured","16":"shipping-taxable","17":"purchasable","18":"product-type-simple"},"_links":{"self":[{"href":"https:\/\/www.carmelo.com\/en\/wp-json\/wp\/v2\/product\/12498","targetHints":{"allow":["GET"]}}],"collection":[{"href":"https:\/\/www.carmelo.com\/en\/wp-json\/wp\/v2\/product"}],"about":[{"href":"https:\/\/www.carmelo.com\/en\/wp-json\/wp\/v2\/types\/product"}],"wp:featuredmedia":[{"embeddable":true,"href":"https:\/\/www.carmelo.com\/en\/wp-json\/wp\/v2\/media\/17645"}],"wp:attachment":[{"href":"https:\/\/www.carmelo.com\/en\/wp-json\/wp\/v2\/media?parent=12498"}],"wp:term":[{"taxonomy":"product_brand","embeddable":true,"href":"https:\/\/www.carmelo.com\/en\/wp-json\/wp\/v2\/product_brand?post=12498"},{"taxonomy":"product_cat","embeddable":true,"href":"https:\/\/www.carmelo.com\/en\/wp-json\/wp\/v2\/product_cat?post=12498"},{"taxonomy":"product_tag","embeddable":true,"href":"https:\/\/www.carmelo.com\/en\/wp-json\/wp\/v2\/product_tag?post=12498"}],"curies":[{"name":"wp","href":"https:\/\/api.w.org\/{rel}","templated":true}]}}