{"id":11781,"date":"2021-06-04T18:06:11","date_gmt":"2021-06-04T18:06:11","guid":{"rendered":"https:\/\/www.carmelo.com\/?post_type=product&#038;p=11781"},"modified":"2025-02-06T15:42:05","modified_gmt":"2025-02-06T15:42:05","slug":"pega-blanca-regular-con-polimeros-5500","status":"publish","type":"product","link":"https:\/\/www.carmelo.com\/en\/product\/pega-blanca-regular-con-polimeros-5500\/","title":{"rendered":"Pega Blanca Profesional con Pol\u00edmeros 5500"},"content":{"rendered":"<p>La PEGA 5500 de Carmelo, es un mortero en seco modificado con pol\u00edmeros para la instalaci\u00f3n de losas con extraordinarias propiedades de adherencia y trabajabilidad que facilitan significativamente y mejoran el trabajo de instalaci\u00f3n.<\/p>\n<p><strong>BENEFICIO Y USOS:<\/strong><\/p>\n<ul>\n<li aria-level=\"1\">Mortero utilizado para requerimiento de instalaci\u00f3n en pisos y pared de losas de baja absorci\u00f3n.<\/li>\n<li aria-level=\"1\">Cubre una superficie de 70ft\u00b2 aproximadamente @ con llana de 1\/4\u201d.<\/li>\n<\/ul>\n<p><strong>INSTALACI\u00d3N DE:\u00a0<\/strong><\/p>\n<ul>\n<li aria-level=\"1\">Azulejos<\/li>\n<li aria-level=\"1\">Semiv\u00edtreos (cristal con cer\u00e1mica)<\/li>\n<li aria-level=\"1\">Cer\u00e1mica<\/li>\n<li aria-level=\"1\">Losas de cantera, piedra o a base de cemento<\/li>\n<li aria-level=\"1\">Terrazo<\/li>\n<li aria-level=\"1\">Porcelanato<\/li>\n<li aria-level=\"1\">Listeros de cristal<\/li>\n<li aria-level=\"1\">Toda pieza de baja absorci\u00f3n a ninguna absorci\u00f3n.<\/li>\n<\/ul>\n<p><strong><b>TONALIDADES<\/b>:<\/strong><\/p>\n<ul>\n<li aria-level=\"1\">Blanco<\/li>\n<\/ul>\n<p><strong>DISPONIBLE EN SACOS DE 10LBS. y 50LBS.<br \/>\n<\/strong><\/p>\n<p>&nbsp;<\/p>\n","protected":false},"excerpt":{"rendered":"<p><span style=\"font-weight: 400;\">Un mortero adhesivo de capa fina, dise\u00f1ado para permanentemente fijar losa cer\u00e1mica a pisos, paredes y sobre topes de cubiertas.\u00a0<\/span><\/p>\n<hr \/>\n<p><span style=\"font-weight: 400;\">An adhesive thin set mortar, modified with polymers, designed to permanently affix ceramic tile to floors, walls, and countertops.<\/span><\/p>\n","protected":false},"featured_media":16129,"template":"","meta":[],"product_brand":[],"product_cat":[331,396,399],"product_tag":[],"class_list":{"0":"post-11781","1":"product","2":"type-product","3":"status-publish","4":"has-post-thumbnail","6":"product_cat-pegas-y-lechadas","7":"product_cat-pegas-lechadas","8":"product_cat-uncategorized","9":"pa_presentation-pallet","10":"pa_price-for-unit-10-93","11":"pa_size-10-lbs","12":"pa_size-50-lbs","13":"pa_units-196","15":"first","16":"instock","17":"featured","18":"shipping-taxable","19":"purchasable","20":"product-type-variable"},"_links":{"self":[{"href":"https:\/\/www.carmelo.com\/en\/wp-json\/wp\/v2\/product\/11781","targetHints":{"allow":["GET"]}}],"collection":[{"href":"https:\/\/www.carmelo.com\/en\/wp-json\/wp\/v2\/product"}],"about":[{"href":"https:\/\/www.carmelo.com\/en\/wp-json\/wp\/v2\/types\/product"}],"wp:featuredmedia":[{"embeddable":true,"href":"https:\/\/www.carmelo.com\/en\/wp-json\/wp\/v2\/media\/16129"}],"wp:attachment":[{"href":"https:\/\/www.carmelo.com\/en\/wp-json\/wp\/v2\/media?parent=11781"}],"wp:term":[{"taxonomy":"product_brand","embeddable":true,"href":"https:\/\/www.carmelo.com\/en\/wp-json\/wp\/v2\/product_brand?post=11781"},{"taxonomy":"product_cat","embeddable":true,"href":"https:\/\/www.carmelo.com\/en\/wp-json\/wp\/v2\/product_cat?post=11781"},{"taxonomy":"product_tag","embeddable":true,"href":"https:\/\/www.carmelo.com\/en\/wp-json\/wp\/v2\/product_tag?post=11781"}],"curies":[{"name":"wp","href":"https:\/\/api.w.org\/{rel}","templated":true}]}}