{"id":11066,"date":"2021-01-19T16:54:02","date_gmt":"2021-01-19T16:54:02","guid":{"rendered":"http:\/\/anxweb.net\/carmelo2\/?post_type=product&#038;p=11066"},"modified":"2025-05-16T17:32:18","modified_gmt":"2025-05-16T17:32:18","slug":"lechada-sin-arena-u","status":"publish","type":"product","link":"https:\/\/www.carmelo.com\/en\/product\/lechada-sin-arena-u\/","title":{"rendered":"Lechada sin Arena (U)"},"content":{"rendered":"<p class=\"p1\">Una lechada <b>sin arena (U)<\/b> de alta calidad a base de cemento Portland y con pol\u00edmeros modificados que solo requiere la adici\u00f3n de agua.<\/p>\n<p class=\"p1\"><b>VENTAJAS Y USO<\/b><\/p>\n<p class=\"p1\">Nuestra lechada tiene baja absorci\u00f3n de agua, es f\u00e1cil de limpiar, altamente resistente a la abrasi\u00f3n, resistente a los rayos UV y viene en un solo empaque. <span class=\"s1\"> Tambi\u00e9n, contiene pol\u00edmeros especiales que le dan excelentes propiedades hidrof\u00f3bicas y proporcionan una alta resistencia al crecimiento de moho y hongos. <\/span><\/p>\n<p class=\"p1\"><b>\u00daTIL PARA<\/b><\/p>\n<ul class=\"ul1\">\n<li class=\"li4\">Rellenar juntas de todo tipo de losas cer\u00e1micas de interiores y exteriores bajo condiciones h\u00famedas y secas<\/li>\n<li class=\"li4\"><span class=\"s2\">Rellenar juntas de pied<\/span>ra natural, pizarra, granito y aglomerados de piedra<\/li>\n<li class=\"li4\">Llenar juntas de losas desde 1\/16 \u201da 1\/8\u201d (1,5 &#8211; 3 mm)<\/li>\n<li class=\"li1\">Rellenar juntas de:\n<ul class=\"ul1\">\n<li class=\"li4\">Pisos<\/li>\n<li class=\"li4\">Paredes<\/li>\n<li class=\"li4\">Duchas<\/li>\n<li class=\"li4\">\u00c1reas sumergidas en spas y piscinas (despu\u00e9s de curarse)<\/li>\n<\/ul>\n<\/li>\n<\/ul>\n<p class=\"p1\"><b>TONALIDADES<\/b><\/p>\n<ul>\n<li class=\"p1\">Bone<\/li>\n<li class=\"p1\">Brown<\/li>\n<li class=\"p1\">White<\/li>\n<li class=\"p1\">Champagne<\/li>\n<li class=\"p1\">Gray<\/li>\n<li class=\"p1\">Silver gray<\/li>\n<li class=\"p1\">Tan<\/li>\n<li class=\"p1\">Terracotta<\/li>\n<li class=\"p1\">Vanilla<\/li>\n<li class=\"p1\">Charcoal gray<\/li>\n<\/ul>\n<p><strong>DISPONIBLE EN SACOS DE 10 LBS \u00f3 25 LBS.<\/strong><\/p>\n","protected":false},"excerpt":{"rendered":"<p>Lechada sin arena para llenar juntas de losas desde 1\/16\u201d a 1\/8\u201d. Para losas cer\u00e1micas de interiores y exteriores bajo condiciones h\u00famedas y secas.<\/p>\n<hr \/>\n<p class=\"p1\">Un-sanded grout to fill tile joints spaces from 1\/16\u201d to 1\/8\u201d. For interior and exterior ceramic tiles under wet and dry conditions.<\/p>\n<p class=\"p3\">\n","protected":false},"featured_media":16141,"template":"","meta":[],"product_brand":[],"product_cat":[331,396,399],"product_tag":[],"class_list":{"0":"post-11066","1":"product","2":"type-product","3":"status-publish","4":"has-post-thumbnail","6":"product_cat-pegas-y-lechadas","7":"product_cat-pegas-lechadas","8":"product_cat-uncategorized","9":"pa_color-bone-u","10":"pa_color-brown-u","11":"pa_color-champagne-u","12":"pa_color-charcoal-gray-u","13":"pa_color-gray-u","14":"pa_color-silver-gray-u","15":"pa_color-tan-u","16":"pa_color-terracota-u","17":"pa_color-vanilla-u","18":"pa_color-white-u","19":"pa_size-10-lbs","20":"pa_size-25-lbs","22":"first","23":"instock","24":"shipping-taxable","25":"purchasable","26":"product-type-variable"},"_links":{"self":[{"href":"https:\/\/www.carmelo.com\/en\/wp-json\/wp\/v2\/product\/11066","targetHints":{"allow":["GET"]}}],"collection":[{"href":"https:\/\/www.carmelo.com\/en\/wp-json\/wp\/v2\/product"}],"about":[{"href":"https:\/\/www.carmelo.com\/en\/wp-json\/wp\/v2\/types\/product"}],"wp:featuredmedia":[{"embeddable":true,"href":"https:\/\/www.carmelo.com\/en\/wp-json\/wp\/v2\/media\/16141"}],"wp:attachment":[{"href":"https:\/\/www.carmelo.com\/en\/wp-json\/wp\/v2\/media?parent=11066"}],"wp:term":[{"taxonomy":"product_brand","embeddable":true,"href":"https:\/\/www.carmelo.com\/en\/wp-json\/wp\/v2\/product_brand?post=11066"},{"taxonomy":"product_cat","embeddable":true,"href":"https:\/\/www.carmelo.com\/en\/wp-json\/wp\/v2\/product_cat?post=11066"},{"taxonomy":"product_tag","embeddable":true,"href":"https:\/\/www.carmelo.com\/en\/wp-json\/wp\/v2\/product_tag?post=11066"}],"curies":[{"name":"wp","href":"https:\/\/api.w.org\/{rel}","templated":true}]}}