{"id":10103,"date":"2020-12-13T17:00:42","date_gmt":"2020-12-13T17:00:42","guid":{"rendered":"http:\/\/anxweb.net\/carmelo2\/index.php\/product\/mono-mix-220v-single-phase\/"},"modified":"2024-11-07T20:22:41","modified_gmt":"2024-11-07T20:22:41","slug":"mono-mix-220v-single-phase","status":"publish","type":"product","link":"https:\/\/www.carmelo.com\/en\/product\/mono-mix-220v-single-phase\/","title":{"rendered":"Mono Mix 220V Single Phase"},"content":{"rendered":"<p><span style=\"font-weight: 400;\">La m\u00e1quina de aplicar morteros Mono Mix de M-Tec, es una bomba y mezcladora compacta, f\u00e1cil de manejar. Ideal para aplicar todos los empa\u00f1etados interiores y exteriores que son mezclables a m\u00e1quina, adhesivos y morteros de refuerzo. Se puede utilizar tanto con mezclas en sacos como con materiales que fluyan f\u00e1cilmente.\u00a0<\/span><\/p>\n<p><span style=\"font-weight: 400;\">Al ser una m\u00e1quina port\u00e1til y vers\u00e1til para m\u00faltiples sitios de trabajo, esta permite a los usuarios mezclar, transportar y colocar la mezcla en las paredes, facilitando su aplicaci\u00f3n.\u00a0<\/span><\/p>\n<p><span style=\"font-weight: 400;\">Esta tecnolog\u00eda aumenta la construcci\u00f3n con los paneles estructurales GCT al facilitar\u00a0 instalaciones r\u00e1pidas en diversos proyectos. Una vez que los componentes se han colocado correctamente y la instalaci\u00f3n el\u00e9ctrica y de plomer\u00eda est\u00e1n en su lugar, el mortero se puede aplicar con la m\u00e1quina a la superficie del panel.\u00a0<\/span><\/p>\n<p><b>\u00datil para aplicar morteros Carmelo como:<\/b><\/p>\n<ul>\n<li style=\"font-weight: 400;\" aria-level=\"1\"><span style=\"font-weight: 400;\">Mortero Impermeable<\/span><\/li>\n<li style=\"font-weight: 400;\" aria-level=\"1\"><span style=\"font-weight: 400;\">Carmelo Mix Tipo N<\/span><\/li>\n<li style=\"font-weight: 400;\" aria-level=\"1\"><span style=\"font-weight: 400;\">Carmelo Mix Tipo S<\/span><\/li>\n<li style=\"font-weight: 400;\" aria-level=\"1\"><span style=\"font-weight: 400;\">Mortero Estructural 4000<\/span><\/li>\n<li style=\"font-weight: 400;\" aria-level=\"1\"><span style=\"font-weight: 400;\">Toda mezcla dise\u00f1ada para las m\u00e1quinas de aplicaci\u00f3n<\/span><\/li>\n<\/ul>\n<p><b>Ventajas:\u00a0\u00a0<\/b><\/p>\n<p><span style=\"font-weight: 400;\">La m\u00e1quina de aplicaci\u00f3n de mezclas y morteros Mono Mix ofrece:<\/span><\/p>\n<ul>\n<li style=\"font-weight: 400;\" aria-level=\"1\"><b>Limpieza f\u00e1cil<\/b><span style=\"font-weight: 400;\"> \u2013 Su estructura sencilla permite una limpieza r\u00e1pida y f\u00e1cil<\/span><\/li>\n<li style=\"font-weight: 400;\" aria-level=\"1\"><b>Facilitar el trabajo<\/b><span style=\"font-weight: 400;\"> \u2013 Tiene potencia suficiente para trabajos exigentes\u00a0<\/span><\/li>\n<li style=\"font-weight: 400;\" aria-level=\"1\"><b>Flexibilidad al transportarse <\/b><span style=\"font-weight: 400;\">\u2013 Est\u00e1 dise\u00f1ada para ser movida f\u00e1cilmente y desmontada en tres piezas para facilitar a\u00fan m\u00e1s su transportaci\u00f3n.\u00a0<\/span><\/li>\n<\/ul>\n","protected":false},"excerpt":{"rendered":"<p>The Mono Mix from M-Tec is a compact, easy-to-use mixing pump for processing all machine-mixable interior and exterior plasters and adhesive and reinforcing mortars.<\/p>\n<hr \/>\n<p>El Mono Mix de M-Tec es una bomba para mezclar, compacta y f\u00e1cil de usar, para procesar todos los empa\u00f1etados de interiores y exteriores mezclables a m\u00e1quina y morteros adhesivos \/ de refuerzo.<\/p>\n<p>*El IVU de la m\u00e1quina se incluye al hacer la compra.<\/p>\n","protected":false},"featured_media":12425,"template":"","meta":[],"product_brand":[],"product_cat":[329,399],"product_tag":[],"class_list":{"0":"post-10103","1":"product","2":"type-product","3":"status-publish","4":"has-post-thumbnail","6":"product_cat-equipos-para-empanetar","7":"product_cat-uncategorized","8":"pa_color-n-a","9":"pa_presentation-pallet","10":"pa_price-for-unit-11000-00","11":"pa_size-n-a","12":"pa_units-168","14":"first","15":"instock","16":"sale","17":"purchasable","18":"product-type-simple"},"_links":{"self":[{"href":"https:\/\/www.carmelo.com\/en\/wp-json\/wp\/v2\/product\/10103","targetHints":{"allow":["GET"]}}],"collection":[{"href":"https:\/\/www.carmelo.com\/en\/wp-json\/wp\/v2\/product"}],"about":[{"href":"https:\/\/www.carmelo.com\/en\/wp-json\/wp\/v2\/types\/product"}],"wp:featuredmedia":[{"embeddable":true,"href":"https:\/\/www.carmelo.com\/en\/wp-json\/wp\/v2\/media\/12425"}],"wp:attachment":[{"href":"https:\/\/www.carmelo.com\/en\/wp-json\/wp\/v2\/media?parent=10103"}],"wp:term":[{"taxonomy":"product_brand","embeddable":true,"href":"https:\/\/www.carmelo.com\/en\/wp-json\/wp\/v2\/product_brand?post=10103"},{"taxonomy":"product_cat","embeddable":true,"href":"https:\/\/www.carmelo.com\/en\/wp-json\/wp\/v2\/product_cat?post=10103"},{"taxonomy":"product_tag","embeddable":true,"href":"https:\/\/www.carmelo.com\/en\/wp-json\/wp\/v2\/product_tag?post=10103"}],"curies":[{"name":"wp","href":"https:\/\/api.w.org\/{rel}","templated":true}]}}