{"id":10102,"date":"2020-12-13T17:00:42","date_gmt":"2020-12-13T17:00:42","guid":{"rendered":"http:\/\/anxweb.net\/carmelo2\/index.php\/product\/pega-piso-pared\/"},"modified":"2025-05-16T17:33:58","modified_gmt":"2025-05-16T17:33:58","slug":"pega-piso-pared","status":"publish","type":"product","link":"https:\/\/www.carmelo.com\/en\/product\/pega-piso-pared\/","title":{"rendered":"Pega Piso \/ Pared 3500"},"content":{"rendered":"<p>La Pega Piso Pared 3500 de Carmelo es un mortero en seco que se utiliza en pisos y paredes, que s\u00f3lo requiere a\u00f1adirle agua para convertirse en un sistema de colocaci\u00f3n vers\u00e1til para instalaci\u00f3n de azulejos.<\/p>\n<p><strong>BENEFICIO Y USOS:<\/strong><\/p>\n<ul>\n<li aria-level=\"1\">Se utiliza solamente para la instalaci\u00f3n de losas sobre pisos y paredes.<\/li>\n<li aria-level=\"1\">Cubre una superficie de 70ft\u00b2 aproximadamente con llana dentada de 1\/4\u201d.<\/li>\n<\/ul>\n<p><strong>INSTALACI\u00d3N DE:<\/strong><\/p>\n<ul>\n<li aria-level=\"1\">Azulejos (losa de ba\u00f1o)<\/li>\n<li aria-level=\"1\">Semiv\u00edtreos (cristal con cer\u00e1mica)<\/li>\n<li aria-level=\"1\">Absorbentes como cer\u00e1mica<\/li>\n<li aria-level=\"1\">Losas de cantera o cemento<\/li>\n<li aria-level=\"1\">Baldosas de ladrillo<\/li>\n<li aria-level=\"1\">Marble terrazo<\/li>\n<li aria-level=\"1\">Baldosa de piedra natural<\/li>\n<li aria-level=\"1\">Gypsum board<\/li>\n<li aria-level=\"1\">Toda pieza de alta absorci\u00f3n<\/li>\n<\/ul>\n<p><strong><b>TONALIDADES<\/b>:<\/strong><\/p>\n<ul>\n<li aria-level=\"1\">Gris<\/li>\n<li aria-level=\"1\">Blanco<\/li>\n<\/ul>\n<p><strong>DISPONIBLE EN SACOS DE 10 LBS, 25 LBS y 50LBS.<\/strong><\/p>\n","protected":false},"excerpt":{"rendered":"<p>Un mortero adhesivo de capa fina para la instalaci\u00f3n de losas sobre pisos y paredes de excelente adherencia y trabajabilidad.<\/p>\n<hr \/>\n<p>An adhesive thin set mortar for tile installations on floors and walls with excellent adhesion and workability.<\/p>\n","protected":false},"featured_media":16130,"template":"","meta":[],"product_brand":[],"product_cat":[331,399],"product_tag":[],"class_list":{"0":"post-10102","1":"product","2":"type-product","3":"status-publish","4":"has-post-thumbnail","6":"product_cat-pegas-y-lechadas","7":"product_cat-uncategorized","8":"pa_presentation-pallet","9":"pa_size-10-lbs","10":"pa_size-25-lbs","11":"pa_size-50-lbs","13":"first","14":"instock","15":"purchasable","16":"product-type-variable"},"_links":{"self":[{"href":"https:\/\/www.carmelo.com\/en\/wp-json\/wp\/v2\/product\/10102","targetHints":{"allow":["GET"]}}],"collection":[{"href":"https:\/\/www.carmelo.com\/en\/wp-json\/wp\/v2\/product"}],"about":[{"href":"https:\/\/www.carmelo.com\/en\/wp-json\/wp\/v2\/types\/product"}],"wp:featuredmedia":[{"embeddable":true,"href":"https:\/\/www.carmelo.com\/en\/wp-json\/wp\/v2\/media\/16130"}],"wp:attachment":[{"href":"https:\/\/www.carmelo.com\/en\/wp-json\/wp\/v2\/media?parent=10102"}],"wp:term":[{"taxonomy":"product_brand","embeddable":true,"href":"https:\/\/www.carmelo.com\/en\/wp-json\/wp\/v2\/product_brand?post=10102"},{"taxonomy":"product_cat","embeddable":true,"href":"https:\/\/www.carmelo.com\/en\/wp-json\/wp\/v2\/product_cat?post=10102"},{"taxonomy":"product_tag","embeddable":true,"href":"https:\/\/www.carmelo.com\/en\/wp-json\/wp\/v2\/product_tag?post=10102"}],"curies":[{"name":"wp","href":"https:\/\/api.w.org\/{rel}","templated":true}]}}