{"id":10101,"date":"2020-12-13T17:00:42","date_gmt":"2020-12-13T17:00:42","guid":{"rendered":"http:\/\/anxweb.net\/carmelo2\/index.php\/product\/pega-piso\/"},"modified":"2025-05-16T17:36:19","modified_gmt":"2025-05-16T17:36:19","slug":"pega-piso","status":"publish","type":"product","link":"https:\/\/www.carmelo.com\/en\/product\/pega-piso\/","title":{"rendered":"Pega Piso 2500"},"content":{"rendered":"<p>La Pega Piso Carmelo es un mortero en seco que se utiliza en pisos, que s\u00f3lo requiere a\u00f1adirle agua para convertirse en un sistema de colocaci\u00f3n vers\u00e1til para instalaci\u00f3n de azulejos y otras losas cer\u00e1micas.<\/p>\n<p><strong>BENEFICIO Y USOS:<\/strong><\/p>\n<ul>\n<li aria-level=\"1\">Se utiliza solamente para la instalaci\u00f3n de losas cer\u00e1micas sobre pisos.<\/li>\n<li aria-level=\"1\">Cubre una superficie de 70ft\u00b2 aproximadamente con llana de 1\/4\u201d.<\/li>\n<\/ul>\n<p><strong>INSTALACI\u00d3N DE:\u00a0<\/strong><\/p>\n<ul>\n<li aria-level=\"1\">Azulejos<\/li>\n<li aria-level=\"1\">Semiv\u00edtreos (cristal con cer\u00e1mica)<\/li>\n<li aria-level=\"1\">Losas de cantera, piedra o cemento<\/li>\n<li aria-level=\"1\">Terrazo<\/li>\n<li aria-level=\"1\">Porcelanato<\/li>\n<li aria-level=\"1\">Listeros de cristal<\/li>\n<li aria-level=\"1\">Toda pieza de baja absorci\u00f3n.<\/li>\n<\/ul>\n<p><strong><b>TONALIDAD<\/b>:<\/strong><\/p>\n<ul>\n<li aria-level=\"1\">Gris<\/li>\n<\/ul>\n<p><strong>DISPONIBLE EN SACOS DE 50LBS.<\/strong><\/p>\n","protected":false},"excerpt":{"rendered":"<p>Un mortero adhesivo de capa fina para la instalaci\u00f3n de losas sobre pisos de excelente adherencia y trabajabilidad.<\/p>\n<hr \/>\n<p>An adhesive thin set mortar for tile installations on floors with excellent adhesion and workability.<\/p>\n","protected":false},"featured_media":16132,"template":"","meta":[],"product_brand":[],"product_cat":[331,396,399],"product_tag":[],"class_list":{"0":"post-10101","1":"product","2":"type-product","3":"status-publish","4":"has-post-thumbnail","6":"product_cat-pegas-y-lechadas","7":"product_cat-pegas-lechadas","8":"product_cat-uncategorized","9":"pa_color-gray","10":"pa_price-for-unit-10-50","11":"pa_size-n-a","12":"pa_units-196","14":"first","15":"instock","16":"purchasable","17":"product-type-simple"},"_links":{"self":[{"href":"https:\/\/www.carmelo.com\/en\/wp-json\/wp\/v2\/product\/10101","targetHints":{"allow":["GET"]}}],"collection":[{"href":"https:\/\/www.carmelo.com\/en\/wp-json\/wp\/v2\/product"}],"about":[{"href":"https:\/\/www.carmelo.com\/en\/wp-json\/wp\/v2\/types\/product"}],"wp:featuredmedia":[{"embeddable":true,"href":"https:\/\/www.carmelo.com\/en\/wp-json\/wp\/v2\/media\/16132"}],"wp:attachment":[{"href":"https:\/\/www.carmelo.com\/en\/wp-json\/wp\/v2\/media?parent=10101"}],"wp:term":[{"taxonomy":"product_brand","embeddable":true,"href":"https:\/\/www.carmelo.com\/en\/wp-json\/wp\/v2\/product_brand?post=10101"},{"taxonomy":"product_cat","embeddable":true,"href":"https:\/\/www.carmelo.com\/en\/wp-json\/wp\/v2\/product_cat?post=10101"},{"taxonomy":"product_tag","embeddable":true,"href":"https:\/\/www.carmelo.com\/en\/wp-json\/wp\/v2\/product_tag?post=10101"}],"curies":[{"name":"wp","href":"https:\/\/api.w.org\/{rel}","templated":true}]}}