{"id":10099,"date":"2020-12-13T17:00:42","date_gmt":"2020-12-13T17:00:42","guid":{"rendered":"http:\/\/anxweb.net\/carmelo2\/index.php\/product\/eco-flex-9500-lft\/"},"modified":"2025-05-16T17:37:23","modified_gmt":"2025-05-16T17:37:23","slug":"eco-flex-9500-lft","status":"publish","type":"product","link":"https:\/\/www.carmelo.com\/en\/product\/eco-flex-9500-lft\/","title":{"rendered":"Pega para Losas de Formato Grande \u201cEco Flex\u201d 9500"},"content":{"rendered":"<p>La Pega Eco Flex LFT 9500 de Carmelo es un mortero en seco modificado con pol\u00edmeros, especialmente\u00a0 formulado para losas de gran tama\u00f1o con calidad profesional con extraordinarias propiedades de adherencia y rendimiento que facilitan significativamente y mejoran el trabajo de instalaci\u00f3n interior o exterior.<\/p>\n<p><strong>BENEFICIO Y USOS:<\/strong><\/p>\n<ul>\n<li aria-level=\"1\">Se utiliza solamente para la instalaci\u00f3n en pisos y pared de losas de 0% absorci\u00f3n, de gran tama\u00f1o y pesadas.<\/li>\n<li aria-level=\"1\">Puede utilizar llana de 3\/4\u201d si se require en el proyecto.<\/li>\n<li aria-level=\"1\">Cubre una superficie de 40ft\u00b2 aproximadamente con llana de 1\/2\u201d.<\/li>\n<\/ul>\n<p><strong>INSTALACI\u00d3N DE:\u00a0<\/strong><\/p>\n<ul>\n<li aria-level=\"1\">Piedra natural mosaico (roca ignea)<\/li>\n<li aria-level=\"1\">M\u00e1rmol<\/li>\n<li aria-level=\"1\">Cer\u00e1mica (0% absorci\u00f3n)<\/li>\n<li aria-level=\"1\">Losas de cantera (roca ignea)<\/li>\n<li aria-level=\"1\">Terrazo<\/li>\n<li aria-level=\"1\">Porcelanato<\/li>\n<li aria-level=\"1\">Listeros de cristal<\/li>\n<li aria-level=\"1\">Toda pieza de 0% de absorci\u00f3n de gran tama\u00f1o o exceda las 20\u201d en cualquiera de sus extremos.<\/li>\n<\/ul>\n<p><strong><b>TONALIDAD<\/b>:<\/strong><\/p>\n<ul>\n<li aria-level=\"1\">Blanco<\/li>\n<\/ul>\n<p><strong>DISPONIBLE EN SACOS DE 50LBS.<\/strong><\/p>\n","protected":false},"excerpt":{"rendered":"<p><span style=\"font-weight: 400;\">Mortero adhesivo de capa fina, modificado con pol\u00edmeros, dise\u00f1ado para instalaciones de losas de formato grande que superen 20 pulgadas de longitud en cualquiera de sus lados.\u00a0<\/span><\/p>\n<hr \/>\n<p><span style=\"font-weight: 400;\">Adhesive thin-set mortar, modified with polymers, designed for installations of large format tiles \/ slabs that exceed 20 inches in any of its sides.<\/span><\/p>\n","protected":false},"featured_media":16133,"template":"","meta":[],"product_brand":[],"product_cat":[331,396,399],"product_tag":[],"class_list":{"0":"post-10099","1":"product","2":"type-product","3":"status-publish","4":"has-post-thumbnail","6":"product_cat-pegas-y-lechadas","7":"product_cat-pegas-lechadas","8":"product_cat-uncategorized","9":"pa_color-white","10":"pa_presentation-pallet","11":"pa_price-for-unit-27-33","12":"pa_units-196","14":"first","15":"instock","16":"purchasable","17":"product-type-simple"},"_links":{"self":[{"href":"https:\/\/www.carmelo.com\/en\/wp-json\/wp\/v2\/product\/10099","targetHints":{"allow":["GET"]}}],"collection":[{"href":"https:\/\/www.carmelo.com\/en\/wp-json\/wp\/v2\/product"}],"about":[{"href":"https:\/\/www.carmelo.com\/en\/wp-json\/wp\/v2\/types\/product"}],"wp:featuredmedia":[{"embeddable":true,"href":"https:\/\/www.carmelo.com\/en\/wp-json\/wp\/v2\/media\/16133"}],"wp:attachment":[{"href":"https:\/\/www.carmelo.com\/en\/wp-json\/wp\/v2\/media?parent=10099"}],"wp:term":[{"taxonomy":"product_brand","embeddable":true,"href":"https:\/\/www.carmelo.com\/en\/wp-json\/wp\/v2\/product_brand?post=10099"},{"taxonomy":"product_cat","embeddable":true,"href":"https:\/\/www.carmelo.com\/en\/wp-json\/wp\/v2\/product_cat?post=10099"},{"taxonomy":"product_tag","embeddable":true,"href":"https:\/\/www.carmelo.com\/en\/wp-json\/wp\/v2\/product_tag?post=10099"}],"curies":[{"name":"wp","href":"https:\/\/api.w.org\/{rel}","templated":true}]}}