{"id":10094,"date":"2020-12-13T17:00:42","date_gmt":"2020-12-13T17:00:42","guid":{"rendered":"http:\/\/anxweb.net\/carmelo2\/index.php\/product\/pega-blanca-premium-modificada-con-polimero\/"},"modified":"2025-05-16T17:41:09","modified_gmt":"2025-05-16T17:41:09","slug":"pega-premium-modificada-con-polimeros-7500","status":"publish","type":"product","link":"https:\/\/www.carmelo.com\/en\/product\/pega-premium-modificada-con-polimeros-7500\/","title":{"rendered":"Pega Premium Modificada con Pol\u00edmeros 7500"},"content":{"rendered":"<p>La Pega Carmelo Premium 7500 es un mortero en seco modificado con pol\u00edmeros para la instalaci\u00f3n de losas de calidad profesional con extraordinarias propiedades de adherencia y rendimiento que facilitan significativamente y mejoran el trabajo de instalaci\u00f3n interior o exterior.<\/p>\n<p><strong>BENEFICIO Y USOS:<\/strong><\/p>\n<ul>\n<li aria-level=\"1\">Se utiliza solamente para la instalaci\u00f3n en pisos y pared de losas de 0% absorci\u00f3n.<\/li>\n<li aria-level=\"1\">Cubre una superficie de 70ft\u00b2 aproximadamente con llana de 1\/4&#8243;.<\/li>\n<\/ul>\n<p><strong>INSTALACI\u00d3N DE:<\/strong><\/p>\n<ul>\n<li aria-level=\"1\">Piedra natural mosaico (roca ignea)<\/li>\n<li aria-level=\"1\">M\u00e1rmol<\/li>\n<li aria-level=\"1\">Cer\u00e1mica (0% absorci\u00f3n)<\/li>\n<li aria-level=\"1\">Losas de cantera (roca ignea)<\/li>\n<li aria-level=\"1\">Losa sobre losa<\/li>\n<li aria-level=\"1\">Terrazo<\/li>\n<li aria-level=\"1\">Porcelanato<\/li>\n<li aria-level=\"1\">Listeros de cristal<\/li>\n<li aria-level=\"1\">Toda pieza de 0% de absorci\u00f3n<\/li>\n<\/ul>\n<p><strong><b>TONALIDADES<\/b>:<\/strong><\/p>\n<ul>\n<li aria-level=\"1\">Gris<\/li>\n<li aria-level=\"1\">Blanco<\/li>\n<\/ul>\n<p><strong>DISPONIBLE EN SACOS DE 10LBS y 50LBS.<\/strong><\/p>\n","protected":false},"excerpt":{"rendered":"<p><span style=\"font-weight: 400;\">Un mortero de fraguado en seco con adhesi\u00f3n s\u00f3lida para proyectos de losetas y recomendado para uso en instalaciones de pared, piso y sobre topes de cubiertas.\u00a0<\/span><\/p>\n<hr \/>\n<p><span style=\"font-weight: 400;\">A dry set mortar with very solid bond strength for tile projects recommended to be used on walls, floors, and countertops installations.<\/span><\/p>\n","protected":false},"featured_media":16134,"template":"","meta":[],"product_brand":[],"product_cat":[331,396,399],"product_tag":[],"class_list":{"0":"post-10094","1":"product","2":"type-product","3":"status-publish","4":"has-post-thumbnail","6":"product_cat-pegas-y-lechadas","7":"product_cat-pegas-lechadas","8":"product_cat-uncategorized","9":"pa_color-gray","10":"pa_color-white","11":"pa_size-10-lbs","12":"pa_size-50-lbs","14":"first","15":"instock","16":"purchasable","17":"product-type-variable"},"_links":{"self":[{"href":"https:\/\/www.carmelo.com\/en\/wp-json\/wp\/v2\/product\/10094","targetHints":{"allow":["GET"]}}],"collection":[{"href":"https:\/\/www.carmelo.com\/en\/wp-json\/wp\/v2\/product"}],"about":[{"href":"https:\/\/www.carmelo.com\/en\/wp-json\/wp\/v2\/types\/product"}],"wp:featuredmedia":[{"embeddable":true,"href":"https:\/\/www.carmelo.com\/en\/wp-json\/wp\/v2\/media\/16134"}],"wp:attachment":[{"href":"https:\/\/www.carmelo.com\/en\/wp-json\/wp\/v2\/media?parent=10094"}],"wp:term":[{"taxonomy":"product_brand","embeddable":true,"href":"https:\/\/www.carmelo.com\/en\/wp-json\/wp\/v2\/product_brand?post=10094"},{"taxonomy":"product_cat","embeddable":true,"href":"https:\/\/www.carmelo.com\/en\/wp-json\/wp\/v2\/product_cat?post=10094"},{"taxonomy":"product_tag","embeddable":true,"href":"https:\/\/www.carmelo.com\/en\/wp-json\/wp\/v2\/product_tag?post=10094"}],"curies":[{"name":"wp","href":"https:\/\/api.w.org\/{rel}","templated":true}]}}