{"id":10089,"date":"2020-12-13T17:00:42","date_gmt":"2020-12-13T17:00:42","guid":{"rendered":"http:\/\/anxweb.net\/carmelo2\/index.php\/product\/mortar-corrosion-inhibitor-repair-pail\/"},"modified":"2025-05-16T17:20:07","modified_gmt":"2025-05-16T17:20:07","slug":"mortar-corrosion-inhibitor-repair-pail","status":"publish","type":"product","link":"https:\/\/www.carmelo.com\/en\/product\/mortar-corrosion-inhibitor-repair-pail\/","title":{"rendered":"Mezcla de Reparaci\u00f3n \/ Inhibidor de Corrosi\u00f3n"},"content":{"rendered":"<p>El mortero de reparaci\u00f3n Corrosion Inhibitor de Carmelo es una mezcla de cemento, arena especialmente seleccionada y aditivos combinados en proporciones cuidadosamente controladas.<\/p>\n<p><strong>BENEFICIO Y USOS:<\/strong><\/p>\n<ul>\n<li aria-level=\"1\">Esta tecnolog\u00eda de inhibici\u00f3n de la corrosi\u00f3n, se aplica a la superficie del hormig\u00f3n existente para extender la vida \u00fatil de cualquier estructura de hormig\u00f3n armado.<\/li>\n<li aria-level=\"1\">Mediante migraci\u00f3n, llega hasta el acero para protegerlo y minimizar la oxidaci\u00f3n y deterioro de este.<\/li>\n<li aria-level=\"1\">Listo y f\u00e1cil de mezclar con agua, con excelentes caracter\u00edsticas de colocaci\u00f3n y acabado.<\/li>\n<li aria-level=\"1\">Reparaci\u00f3n de empa\u00f1etados de estructuras viejas en donde se necesito proteger el acero.<\/li>\n<li aria-level=\"1\">Elementos prefabricados como vigas y columnas de concretos se pueden revestir para mayor protecci\u00f3n, de la corrosi\u00f3n del acero.<\/li>\n<li aria-level=\"1\">Reparaci\u00f3n de pilotes y pilastras de puentes en \u00e1reas h\u00famedas.<\/li>\n<li aria-level=\"1\">Edificios construidos nuevos o existentes en concreto y\/o bloques nuevas, se puede aumentar el grado de protecci\u00f3n contra la oxidaci\u00f3n con este mortero.<\/li>\n<li aria-level=\"1\">Protecci\u00f3n para cualquier edificaci\u00f3n cerca de las costas.<\/li>\n<\/ul>\n<p><strong>DISPONIBLE EN GALONES DE 10LBS Y PAILAS DE 50LBS.<\/strong><\/p>\n","protected":false},"excerpt":{"rendered":"<p>This product extends the lifetime of reinforced concrete structures by protecting and minimizing steel\u2019s deterioration. Perfect for concrete in marine environments and concrete repairs.<\/p>\n","protected":false},"featured_media":16120,"template":"","meta":[],"product_brand":[],"product_cat":[330],"product_tag":[308],"class_list":{"0":"post-10089","1":"product","2":"type-product","3":"status-publish","4":"has-post-thumbnail","6":"product_cat-mezclas-de-reparacion","7":"product_tag-featured","9":"first","10":"instock","11":"featured","12":"purchasable","13":"product-type-variable"},"_links":{"self":[{"href":"https:\/\/www.carmelo.com\/en\/wp-json\/wp\/v2\/product\/10089","targetHints":{"allow":["GET"]}}],"collection":[{"href":"https:\/\/www.carmelo.com\/en\/wp-json\/wp\/v2\/product"}],"about":[{"href":"https:\/\/www.carmelo.com\/en\/wp-json\/wp\/v2\/types\/product"}],"wp:featuredmedia":[{"embeddable":true,"href":"https:\/\/www.carmelo.com\/en\/wp-json\/wp\/v2\/media\/16120"}],"wp:attachment":[{"href":"https:\/\/www.carmelo.com\/en\/wp-json\/wp\/v2\/media?parent=10089"}],"wp:term":[{"taxonomy":"product_brand","embeddable":true,"href":"https:\/\/www.carmelo.com\/en\/wp-json\/wp\/v2\/product_brand?post=10089"},{"taxonomy":"product_cat","embeddable":true,"href":"https:\/\/www.carmelo.com\/en\/wp-json\/wp\/v2\/product_cat?post=10089"},{"taxonomy":"product_tag","embeddable":true,"href":"https:\/\/www.carmelo.com\/en\/wp-json\/wp\/v2\/product_tag?post=10089"}],"curies":[{"name":"wp","href":"https:\/\/api.w.org\/{rel}","templated":true}]}}