{"id":10083,"date":"2020-12-13T17:00:38","date_gmt":"2020-12-13T17:00:38","guid":{"rendered":"http:\/\/anxweb.net\/carmelo2\/index.php\/product\/hydroplug-mortar-hydraulic-cement-pail\/"},"modified":"2025-05-16T17:12:17","modified_gmt":"2025-05-16T17:12:17","slug":"cemento-hidraulico-de-secado-rapido","status":"publish","type":"product","link":"https:\/\/www.carmelo.com\/en\/product\/cemento-hidraulico-de-secado-rapido\/","title":{"rendered":"Cemento Hidr\u00e1ulico de Secado R\u00e1pido"},"content":{"rendered":"<p>El Cemento hidr\u00e1ulico de secado r\u00e1pido es un producto de alto rendimiento para reparaciones. Especialmente formulado para proveer un fraguado ultra r\u00e1pido y como mortero para tapar y bloquear fugas activas de agua en concreto\/mamposter\u00eda. Tambi\u00e9n se puede utilizar como un sistema de anclaje e impermeabilizaci\u00f3n. Est\u00e1 modificado con aditivos de alta calidad para una uni\u00f3n superior y sin pigmentos para ayudar a prevenir o reducir la corrosi\u00f3n. El material se expande a medida que se cura para formar una capa herm\u00e9tica y sellar con caracter\u00edsticas similares a las del concreto.<\/p>\n<p><strong>VENTAJAS Y USOS:<br \/>\n<\/strong><\/p>\n<p>Es un compuesto de alta resistencia, solo requiere la adici\u00f3n de agua en el lugar de trabajo y repara el \u00e1rea en 10 a 15 minutos. Se une permanentemente a unidades de concreto\/mamposter\u00eda y ayuda a prevenir la propagaci\u00f3n de grietas existentes y fugas de agua activas.<\/p>\n<p><strong>\u00daTIL PARA:<br \/>\n<\/strong><\/p>\n<ul>\n<li>Reparar grietas o aberturas de 1\u201d (25 mm) o m\u00e1s de profundidad en paredes o pisos<\/li>\n<li>Reparar fugas de agua en concreto\/mamposter\u00eda<\/li>\n<li>Sellar fugas eficientemente al secar r\u00e1pidamente al entrar en contacto con agua<\/li>\n<\/ul>\n<p><strong>COLORES:<\/strong><\/p>\n<ul>\n<li>Gris\u00e1ceo (Gray)<\/li>\n<li>Crema Claro(Beige)<\/li>\n<\/ul>\n<p><strong>DISPONIBLE EN GALONES DE 10LBS Y PAILAS DE 50LBS.<\/strong><\/p>\n<p><strong>CONSIDERACIONES AMBIENTALES<\/strong><\/p>\n<p>Este producto no contiene ni libera compuestos org\u00e1nicos vol\u00e1tiles (COV), que son peligrosos para la salud del usuario.<\/p>\n","protected":false},"excerpt":{"rendered":"<p>Ultra-fast setting repair mortar for concrete\/masonry work water leaks, that dries fast when it encounters water, sealing the leak.<\/p>\n","protected":false},"featured_media":16122,"template":"","meta":[],"product_brand":[],"product_cat":[330],"product_tag":[308],"class_list":{"0":"post-10083","1":"product","2":"type-product","3":"status-publish","4":"has-post-thumbnail","6":"product_cat-mezclas-de-reparacion","7":"product_tag-featured","8":"pa_color-beige","9":"pa_color-gray","10":"pa_units-322","11":"pa_units-324","12":"pa_units-323","14":"first","15":"instock","16":"purchasable","17":"product-type-variable"},"_links":{"self":[{"href":"https:\/\/www.carmelo.com\/en\/wp-json\/wp\/v2\/product\/10083","targetHints":{"allow":["GET"]}}],"collection":[{"href":"https:\/\/www.carmelo.com\/en\/wp-json\/wp\/v2\/product"}],"about":[{"href":"https:\/\/www.carmelo.com\/en\/wp-json\/wp\/v2\/types\/product"}],"wp:featuredmedia":[{"embeddable":true,"href":"https:\/\/www.carmelo.com\/en\/wp-json\/wp\/v2\/media\/16122"}],"wp:attachment":[{"href":"https:\/\/www.carmelo.com\/en\/wp-json\/wp\/v2\/media?parent=10083"}],"wp:term":[{"taxonomy":"product_brand","embeddable":true,"href":"https:\/\/www.carmelo.com\/en\/wp-json\/wp\/v2\/product_brand?post=10083"},{"taxonomy":"product_cat","embeddable":true,"href":"https:\/\/www.carmelo.com\/en\/wp-json\/wp\/v2\/product_cat?post=10083"},{"taxonomy":"product_tag","embeddable":true,"href":"https:\/\/www.carmelo.com\/en\/wp-json\/wp\/v2\/product_tag?post=10083"}],"curies":[{"name":"wp","href":"https:\/\/api.w.org\/{rel}","templated":true}]}}