{"id":10078,"date":"2020-12-13T17:00:38","date_gmt":"2020-12-13T17:00:38","guid":{"rendered":"http:\/\/anxweb.net\/carmelo2\/index.php\/product\/sf-rima-eco-paver-3-1-8\/"},"modified":"2025-02-17T18:42:52","modified_gmt":"2025-02-17T18:42:52","slug":"sf-rima-eco-paver-3-1-8","status":"publish","type":"product","link":"https:\/\/www.carmelo.com\/en\/product\/sf-rima-eco-paver-3-1-8\/","title":{"rendered":"SF-Rima Eco Paver"},"content":{"rendered":"<p>Carmelo Pavers combines beauty and charm with functionality to meet any specific architectural and beautification needs. Concrete pavers have served for thousands of years as roads, plazas, and walkways. We manufacture paver in many color tones, styles, and are available in different dimensions and thicknesses for different applications.<\/p>\n<p>Concrete pavers are one of the most durable products made, and they have been used for thousands of years. The principal reasons a concrete paver is selected today is its superior esthetics and durability.<\/p>\n<p>Many of our paver color tones are readily available in many styles and some others unique styles are only available for production upon request.<\/p>\n<p><strong>Recommended Applications: <\/strong><\/p>\n<p style=\"text-align: center;\"><strong>3-1\/8&#8243; (80 mm Height)<\/strong><\/p>\n<p style=\"text-align: center;\"><i class=\"fas fa-parking \" ><\/i> Parking Lots<\/p>\n<p style=\"text-align: center;\"><i class=\"fas fa-traffic-light \" ><\/i> Vehicular Traffic<\/p>\n<p>&nbsp;<\/p>\n<p style=\"text-align: center;\">\n<p>&nbsp;<\/p>\n<p>&nbsp;<\/p>\n","protected":false},"excerpt":{"rendered":"<p>Los adoquines SF-Rima, se utilizan para \u00e1reas donde es prioridad reducir las escorrent\u00edas de aguas pluviales en los pavimentos.\u00a0\u00a0Ya instalados,\u00a0\u00a0ayudan a disminuir las inundaciones y alivian la presi\u00f3n en los sistemas de alcantarillado. Tambi\u00e9n son ideales para pavimentaci\u00f3n de \u00e1reas verdes, lo que permite el riego y enfriamiento de superficies, y a la vez proporcionan un pavimento resistente para el tr\u00e1fico vehicular.<\/p>\n","protected":false},"featured_media":10619,"template":"","meta":[],"product_brand":[],"product_cat":[335,338],"product_tag":[],"class_list":{"0":"post-10078","1":"product","2":"type-product","3":"status-publish","4":"has-post-thumbnail","6":"product_cat-blocks-and-pavers","7":"product_cat-adoquines","8":"pa_color-brown","9":"pa_color-gray","10":"pa_color-natural","11":"pa_presentation-pallet","12":"pa_price-for-unit-2-03","13":"pa_size-3-1-8","14":"pa_units-164","16":"first","17":"instock","18":"purchasable","19":"product-type-variable"},"_links":{"self":[{"href":"https:\/\/www.carmelo.com\/en\/wp-json\/wp\/v2\/product\/10078","targetHints":{"allow":["GET"]}}],"collection":[{"href":"https:\/\/www.carmelo.com\/en\/wp-json\/wp\/v2\/product"}],"about":[{"href":"https:\/\/www.carmelo.com\/en\/wp-json\/wp\/v2\/types\/product"}],"wp:featuredmedia":[{"embeddable":true,"href":"https:\/\/www.carmelo.com\/en\/wp-json\/wp\/v2\/media\/10619"}],"wp:attachment":[{"href":"https:\/\/www.carmelo.com\/en\/wp-json\/wp\/v2\/media?parent=10078"}],"wp:term":[{"taxonomy":"product_brand","embeddable":true,"href":"https:\/\/www.carmelo.com\/en\/wp-json\/wp\/v2\/product_brand?post=10078"},{"taxonomy":"product_cat","embeddable":true,"href":"https:\/\/www.carmelo.com\/en\/wp-json\/wp\/v2\/product_cat?post=10078"},{"taxonomy":"product_tag","embeddable":true,"href":"https:\/\/www.carmelo.com\/en\/wp-json\/wp\/v2\/product_tag?post=10078"}],"curies":[{"name":"wp","href":"https:\/\/api.w.org\/{rel}","templated":true}]}}