{"id":10065,"date":"2020-12-13T17:00:35","date_gmt":"2020-12-13T17:00:35","guid":{"rendered":"http:\/\/anxweb.net\/carmelo2\/index.php\/product\/mortar-smooth-finish\/"},"modified":"2025-05-16T17:13:50","modified_gmt":"2025-05-16T17:13:50","slug":"mortar-smooth-finish","status":"publish","type":"product","link":"https:\/\/www.carmelo.com\/en\/product\/mortar-smooth-finish\/","title":{"rendered":"Mezcla \u201cSmooth Finish\u201d para Suavizar Superficies"},"content":{"rendered":"<p>El Smooth Finish es una mezcla especialmente formulada que combina la facilidad de mezclar con un excelente desempe\u00f1o. El producto mejorado es de excelente trabajabilidad, al mismo tiempo que contribuye a proteger el sustrato de los cloruros y otras sales perjudiciales. Tambi\u00e9n, es ecol\u00f3gico y contiene materiales regionales locales.<\/p>\n<p><strong>BENEFICIO Y USOS:<\/strong><\/p>\n<ul>\n<li aria-level=\"1\">Dise\u00f1ado para suavizar superficies rugosas proporcionando una textura suave.<\/li>\n<li aria-level=\"1\">Puede usarse para corregir defectos cosm\u00e9ticos en paredes y techos existentes, al cambiar puertas o ventanas y\/o cualquier lugar donde exista un desnivel en partes a\u00f1adidas a la estructura, haciendo coincidir la superficie con una terminaci\u00f3n suave en general.<\/li>\n<li aria-level=\"1\">El producto tiene una alta retenci\u00f3n de agua que promueve la hidrataci\u00f3n y alta adherencia al hormig\u00f3n y superficies de mamposter\u00eda.<\/li>\n<\/ul>\n<p><strong>COLOR:\u00a0<\/strong><\/p>\n<ul>\n<li aria-level=\"1\">Blanco (color original)<\/li>\n<\/ul>\n<p><strong>DISPONIBLE EN SACOS Y PAILAS DE 50LBS.<\/strong><\/p>\n<p>&nbsp;<\/p>\n","protected":false},"excerpt":{"rendered":"<p>The product smooths rough concrete areas, produces a uniform texture and reduces micro cracks. It corrects cosmetic defects on interior \/ exterior walls and ceilings.<\/p>\n","protected":false},"featured_media":16135,"template":"","meta":[],"product_brand":[],"product_cat":[330],"product_tag":[308],"class_list":{"0":"post-10065","1":"product","2":"type-product","3":"status-publish","4":"has-post-thumbnail","6":"product_cat-mezclas-de-reparacion","7":"product_tag-featured","8":"pa_presentation-pallet","10":"first","11":"instock","12":"purchasable","13":"product-type-variable"},"_links":{"self":[{"href":"https:\/\/www.carmelo.com\/en\/wp-json\/wp\/v2\/product\/10065","targetHints":{"allow":["GET"]}}],"collection":[{"href":"https:\/\/www.carmelo.com\/en\/wp-json\/wp\/v2\/product"}],"about":[{"href":"https:\/\/www.carmelo.com\/en\/wp-json\/wp\/v2\/types\/product"}],"wp:featuredmedia":[{"embeddable":true,"href":"https:\/\/www.carmelo.com\/en\/wp-json\/wp\/v2\/media\/16135"}],"wp:attachment":[{"href":"https:\/\/www.carmelo.com\/en\/wp-json\/wp\/v2\/media?parent=10065"}],"wp:term":[{"taxonomy":"product_brand","embeddable":true,"href":"https:\/\/www.carmelo.com\/en\/wp-json\/wp\/v2\/product_brand?post=10065"},{"taxonomy":"product_cat","embeddable":true,"href":"https:\/\/www.carmelo.com\/en\/wp-json\/wp\/v2\/product_cat?post=10065"},{"taxonomy":"product_tag","embeddable":true,"href":"https:\/\/www.carmelo.com\/en\/wp-json\/wp\/v2\/product_tag?post=10065"}],"curies":[{"name":"wp","href":"https:\/\/api.w.org\/{rel}","templated":true}]}}