{"id":10058,"date":"2020-12-13T17:00:35","date_gmt":"2020-12-13T17:00:35","guid":{"rendered":"http:\/\/anxweb.net\/carmelo2\/index.php\/product\/self-leveling\/"},"modified":"2025-05-16T17:16:45","modified_gmt":"2025-05-16T17:16:45","slug":"self-leveling","status":"publish","type":"product","link":"https:\/\/www.carmelo.com\/en\/product\/self-leveling\/","title":{"rendered":"Mortero Autonivelante"},"content":{"rendered":"<p class=\"p1\">El mortero autonivelante es una mezcla a base de cemento que se coloca en el lugar predeterminado para nivelar y crear una superficie pr\u00e1cticamente plana y dura en pisos interiores y\/o exteriores. Se aplica antes de instalar cualquier cubierta o sobre piso, ayudando a corregir los defectos horizontales de las superficies. Aplicaciones t\u00edpicas para el producto incluyen proyectos comerciales, industriales y residenciales en nueva construcci\u00f3n o para restauraci\u00f3n sobre pisos de concreto, pisos de madera fijos, y otras superficies porosas.<\/p>\n<p class=\"p3\"><b>VENTAJAS y USO<\/b><\/p>\n<p class=\"p1\">Con nuestro dise\u00f1o de mezcla \u00fanico, estrictas pruebas de garant\u00eda de calidad y procesos, este mortero se autonivela para una instalaci\u00f3n suave y f\u00e1cil. Tiene una gran fluidez que lo ayuda a estar \u201cready to pour\u201d y reduce el tiempo de instalaci\u00f3n. Tambi\u00e9n permanece viable durante m\u00e1s de 30 minutos con agitaci\u00f3n, no es a base de yeso, solo requiere la adici\u00f3n de agua, y tiene un tiempo de curado r\u00e1pido para uso en 24 horas.<\/p>\n<p class=\"p4\"><b>APLICACI\u00d3N<\/b><\/p>\n<p class=\"p1\">Sirve para nivelar superficies de concreto rugoso y para usar debajo de losas, alfombras, pisos de madera, pisos recubiertos y prefabricados, o \u00e1reas donde se necesita un cambio r\u00e1pido o corregir defectos cosm\u00e9ticos. Es adecuado para estructuras comerciales, estructuras residenciales y complejos de oficinas.<\/p>\n<p class=\"p3\"><b>TONALIDAD<\/b><\/p>\n<p class=\"p3\">Gris\u00e1cea\/Crema<\/p>\n<p class=\"p3\"><b>DISPONIBLE EN SACOS Y PAILAS DE 50LBS<\/b><\/p>\n","protected":false},"excerpt":{"rendered":"<p class=\"p1\">This self-leveling mortar creates a hard surface on interior or exterior floors before final finishing. Also, it corrects horizontal surface defects.<\/p>\n","protected":false},"featured_media":16138,"template":"","meta":[],"product_brand":[],"product_cat":[330],"product_tag":[],"class_list":{"0":"post-10058","1":"product","2":"type-product","3":"status-publish","4":"has-post-thumbnail","6":"product_cat-mezclas-de-reparacion","7":"pa_color-concrete-gray","8":"pa_size-paila","9":"pa_size-saco","10":"pa_units-322","11":"pa_units-324","13":"first","14":"instock","15":"purchasable","16":"product-type-variable"},"_links":{"self":[{"href":"https:\/\/www.carmelo.com\/en\/wp-json\/wp\/v2\/product\/10058","targetHints":{"allow":["GET"]}}],"collection":[{"href":"https:\/\/www.carmelo.com\/en\/wp-json\/wp\/v2\/product"}],"about":[{"href":"https:\/\/www.carmelo.com\/en\/wp-json\/wp\/v2\/types\/product"}],"wp:featuredmedia":[{"embeddable":true,"href":"https:\/\/www.carmelo.com\/en\/wp-json\/wp\/v2\/media\/16138"}],"wp:attachment":[{"href":"https:\/\/www.carmelo.com\/en\/wp-json\/wp\/v2\/media?parent=10058"}],"wp:term":[{"taxonomy":"product_brand","embeddable":true,"href":"https:\/\/www.carmelo.com\/en\/wp-json\/wp\/v2\/product_brand?post=10058"},{"taxonomy":"product_cat","embeddable":true,"href":"https:\/\/www.carmelo.com\/en\/wp-json\/wp\/v2\/product_cat?post=10058"},{"taxonomy":"product_tag","embeddable":true,"href":"https:\/\/www.carmelo.com\/en\/wp-json\/wp\/v2\/product_tag?post=10058"}],"curies":[{"name":"wp","href":"https:\/\/api.w.org\/{rel}","templated":true}]}}