{"id":10057,"date":"2020-12-13T17:00:35","date_gmt":"2020-12-13T17:00:35","guid":{"rendered":"http:\/\/anxweb.net\/carmelo2\/index.php\/product\/mezcla-uso-general-carmelo\/"},"modified":"2025-05-16T17:25:16","modified_gmt":"2025-05-16T17:25:16","slug":"mezcla-multiuso-con-fibra-y-marmolina","status":"publish","type":"product","link":"https:\/\/www.carmelo.com\/en\/product\/mezcla-multiuso-con-fibra-y-marmolina\/","title":{"rendered":"Mezcla Multiuso con Fibra y Marmolina"},"content":{"rendered":"<p>La Mezcla Uso General de Carmelo, contiene fibra y marmolina.<br \/>\nEste mortero es de uso manual para toda obra residencial o comercial.<\/p>\n<p><strong>BENEFICIO Y USOS:<\/strong><\/p>\n<ul>\n<li>Se puede utilizar como mortero de mamposter\u00eda para revocar o empa\u00f1etar superficies de bloques y hormig\u00f3n.<\/li>\n<li>Se usa para la colocaci\u00f3n de bloques, piedras o estucos.<\/li>\n<li>Reparaci\u00f3n de superficies de mamposter\u00eda exterior de una capa.<\/li>\n<li>Se puede utilizar en junta de bloques arquitect\u00f3nicos, igualando as\u00ed el color del bloque que se instala.<\/li>\n<li>Se puede utilizar en juntas de piedra tanto en paredes como piso interior o exterior.<\/li>\n<li>MEZCLA USO GENERAL<\/li>\n<\/ul>\n<p><strong>TONALIDADES:<\/strong><br \/>\nLa Mezcla Uso General, viene en varias tonalidades (solo por pedido):<\/p>\n<ul>\n<li>Terracota<\/li>\n<li>Marigold<\/li>\n<li>Marr\u00f3n<\/li>\n<li>Gris<\/li>\n<li>Amarillo<\/li>\n<li>Natural<\/li>\n<\/ul>\n<p><strong>DISPONIBLE EN SACOS DE 10, 25, 40 Y 50LBS.<\/strong><\/p>\n","protected":false},"excerpt":{"rendered":"<p>Mezcla para instalaci\u00f3n y empa\u00f1etado de bloques o superficies de concreto, y como junta de bloques arquitect\u00f3nicos \/ piedra. Ideal para trabajo de mezcla manual.<\/p>\n<hr \/>\n<p>Mortar for installing and plastering CMU blocks units or concrete walls, and for joint filler of architectural blocks \/ stone. Perfect for a manual mixing project.<\/p>\n","protected":false},"featured_media":16137,"template":"","meta":[],"product_brand":[],"product_cat":[332,399],"product_tag":[],"class_list":{"0":"post-10057","1":"product","2":"type-product","3":"status-publish","4":"has-post-thumbnail","6":"product_cat-mezclas-de-albanileria","7":"product_cat-uncategorized","8":"pa_color-brown","9":"pa_color-gray","10":"pa_color-marigold","11":"pa_color-pearl","12":"pa_color-standard","13":"pa_color-terracota","14":"pa_color-white","15":"pa_color-yellow","16":"pa_price-for-unit-3-60","17":"pa_size-10-lbs","18":"pa_size-25-lbs","19":"pa_size-40-lbs","20":"pa_size-50-lbs","21":"pa_units-pallet","23":"first","24":"instock","25":"featured","26":"purchasable","27":"product-type-variable"},"_links":{"self":[{"href":"https:\/\/www.carmelo.com\/en\/wp-json\/wp\/v2\/product\/10057","targetHints":{"allow":["GET"]}}],"collection":[{"href":"https:\/\/www.carmelo.com\/en\/wp-json\/wp\/v2\/product"}],"about":[{"href":"https:\/\/www.carmelo.com\/en\/wp-json\/wp\/v2\/types\/product"}],"wp:featuredmedia":[{"embeddable":true,"href":"https:\/\/www.carmelo.com\/en\/wp-json\/wp\/v2\/media\/16137"}],"wp:attachment":[{"href":"https:\/\/www.carmelo.com\/en\/wp-json\/wp\/v2\/media?parent=10057"}],"wp:term":[{"taxonomy":"product_brand","embeddable":true,"href":"https:\/\/www.carmelo.com\/en\/wp-json\/wp\/v2\/product_brand?post=10057"},{"taxonomy":"product_cat","embeddable":true,"href":"https:\/\/www.carmelo.com\/en\/wp-json\/wp\/v2\/product_cat?post=10057"},{"taxonomy":"product_tag","embeddable":true,"href":"https:\/\/www.carmelo.com\/en\/wp-json\/wp\/v2\/product_tag?post=10057"}],"curies":[{"name":"wp","href":"https:\/\/api.w.org\/{rel}","templated":true}]}}