{"id":10056,"date":"2020-12-13T17:00:35","date_gmt":"2020-12-13T17:00:35","guid":{"rendered":"http:\/\/anxweb.net\/carmelo2\/index.php\/product\/eifs-synthetic-stucco-and-base-coat\/"},"modified":"2025-05-16T17:17:39","modified_gmt":"2025-05-16T17:17:39","slug":"eifs-y-mezcla-sintetica","status":"publish","type":"product","link":"https:\/\/www.carmelo.com\/en\/product\/eifs-y-mezcla-sintetica\/","title":{"rendered":"EIFs y Mezcla Sint\u00e9tica"},"content":{"rendered":"<p class=\"p1\"><span class=\"s1\">El EIFs y Mezcla Sint\u00e9tica es un adhesivo de mortero a base de cemento Portland con fibras y aditivos de alta calidad que ofrec<\/span>e capacidad superior de adhesi\u00f3n y resistencia al descuelgue (high shear strength). Est\u00e1 dise\u00f1ado para usarse como estuco de capa base para aplicaciones de placas de \u201cEPS\u201d (foam boards)<span class=\"s1\">, <\/span>estuco de capa intermedia y para reparar paredes de estuco. Tambi\u00e9n, se puede aplicar directamente a las paredes de mamposter\u00eda usando dos aplicaciones. El producto es un mortero homog\u00e9neo a base de cemento adhesivo ideal para usar con EPS (poliestireno expandido) y XPS (extruido poliestireno), que proporciona una alta adherencia para todas las placas<span class=\"s1\"> de \u201cEPS\u201d (foam boards) de aislamiento t\u00e9rmico.<\/span><\/p>\n<p class=\"p1\"><b>VENTAJAS Y USO<\/b><\/p>\n<p class=\"p3\">Este producto proporciona una fuerza y uni\u00f3n que se vuelve m\u00e1s fuerte a medida que pasan los 28 d\u00edas de curado est\u00e1ndar. Nuestro estuco tiene un bajo calor de hidrataci\u00f3n (low heat of<span class=\"Apple-converted-space\">\u00a0 <\/span>hydration)<span class=\"Apple-converted-space\">\u00a0 <\/span>que reduce el riesgo de encogimiento\/ agrietamiento t\u00e9rmico y que se adhiere fuertemente al concreto y otros sustratos. Es altamente eficiente, solo requiere la adici\u00f3n de agua y puede ser aplicado manualmente con una llana.<\/p>\n<p class=\"p1\"><b>\u00daTIL PARA<\/b><\/p>\n<ul class=\"ul1\">\n<li class=\"li3\">Adherir Placas de EPS \/ XPS a otras superficies<\/li>\n<li class=\"li3\">Se utiliza como base o capa superior para placas de EPS \u201cfoam boards\u201d y ICF.<\/li>\n<li class=\"li3\">Aplicar <span class=\"s2\">estuco liso, estuc<\/span>o de capa Intermedia y reparar paredes de estuco<\/li>\n<\/ul>\n<p class=\"p1\"><b>TONALIDAD<\/b><\/p>\n<ul>\n<li class=\"p1\">Blanco (White)<\/li>\n<\/ul>\n<p class=\"p1\"><b>DISPONIBLE EN <\/b><strong>SACOS DE 50 LBS<\/strong><\/p>\n","protected":false},"excerpt":{"rendered":"<p class=\"p1\">Adhesive for EPS\/XPS planks providing high adhesion over concrete, creating a base coat over EPS\/XPS boards before applying a finishing product.<\/p>\n<p class=\"p3\">\n","protected":false},"featured_media":16139,"template":"","meta":[],"product_brand":[],"product_cat":[330],"product_tag":[308],"class_list":{"0":"post-10056","1":"product","2":"type-product","3":"status-publish","4":"has-post-thumbnail","6":"product_cat-mezclas-de-reparacion","7":"product_tag-featured","8":"pa_color-concrete-gray","9":"pa_presentation-pallet","10":"pa_price-for-unit-14-68","11":"pa_size-n-a","12":"pa_units-196","14":"first","15":"instock","16":"purchasable","17":"product-type-simple"},"_links":{"self":[{"href":"https:\/\/www.carmelo.com\/en\/wp-json\/wp\/v2\/product\/10056","targetHints":{"allow":["GET"]}}],"collection":[{"href":"https:\/\/www.carmelo.com\/en\/wp-json\/wp\/v2\/product"}],"about":[{"href":"https:\/\/www.carmelo.com\/en\/wp-json\/wp\/v2\/types\/product"}],"wp:featuredmedia":[{"embeddable":true,"href":"https:\/\/www.carmelo.com\/en\/wp-json\/wp\/v2\/media\/16139"}],"wp:attachment":[{"href":"https:\/\/www.carmelo.com\/en\/wp-json\/wp\/v2\/media?parent=10056"}],"wp:term":[{"taxonomy":"product_brand","embeddable":true,"href":"https:\/\/www.carmelo.com\/en\/wp-json\/wp\/v2\/product_brand?post=10056"},{"taxonomy":"product_cat","embeddable":true,"href":"https:\/\/www.carmelo.com\/en\/wp-json\/wp\/v2\/product_cat?post=10056"},{"taxonomy":"product_tag","embeddable":true,"href":"https:\/\/www.carmelo.com\/en\/wp-json\/wp\/v2\/product_tag?post=10056"}],"curies":[{"name":"wp","href":"https:\/\/api.w.org\/{rel}","templated":true}]}}