{"id":10055,"date":"2020-12-13T17:00:35","date_gmt":"2020-12-13T17:00:35","guid":{"rendered":"http:\/\/anxweb.net\/carmelo2\/index.php\/product\/easy-mix-concrete\/"},"modified":"2025-05-16T17:29:18","modified_gmt":"2025-05-16T17:29:18","slug":"easy-mix-concrete","status":"publish","type":"product","link":"https:\/\/www.carmelo.com\/en\/product\/easy-mix-concrete\/","title":{"rendered":"Concreto &#8220;Easy Mix&#8221; con Fibra"},"content":{"rendered":"<p>Carmelo Easy Mix es una mezcla de hormig\u00f3n o concreto lista para utilizar a base de cemento y gravilla con fibra reforzada para uso en estructuras, losas, cimentaciones, zapatas y seguridad peatonal.<\/p>\n<p><strong>BENEFICIO Y USOS:<\/strong><\/p>\n<ul>\n<li>Vers\u00e1til en aplicaciones estructurales y convencionales.<\/li>\n<li>Utilizado para la construcci\u00f3n de losas de patio.<\/li>\n<li>Reparaciones de pavimentos, aceras y\/o \u201ccunetones\u201d.<\/li>\n<li>Construcci\u00f3n de bordillos, escalones, rampas, pasillos, zapatas de muros, piscinas y ba\u00f1os de p\u00e1jaros.<\/li>\n<li>Protecci\u00f3n y estabilizaci\u00f3n de taludes.<\/li>\n<li>Utilizado en bases de muros y verjas, zapatas, vigas y columnas de concreto.<\/li>\n<\/ul>\n<p><strong><b>TONALIDADES<\/b>:<\/strong><\/p>\n<p>El Easy Mix, viene en varios colores para trabajos de concreto decorativo (s\u00f3lo por pedido):<\/p>\n<ul>\n<li>Terracota<\/li>\n<li>Marigold<\/li>\n<li>Marr\u00f3n<\/li>\n<li>Gris<\/li>\n<li>Amarillo<\/li>\n<li>Natural<\/li>\n<\/ul>\n<p><strong>SEGURIDAD:<\/strong><\/p>\n<p>El \u00fanico producto en el mercado local que proporciona seguridad peatonal en lugares donde es necesario mayor tracci\u00f3n en el piso:<\/p>\n<ul>\n<li>Lugares donde tenga riesgo de resbalar.<\/li>\n<li>Lugares donde necesita una superficie rugosa.<\/li>\n<\/ul>\n<p><strong>DISPONIBLE EN SACOS DE 50LBS.<\/strong><\/p>\n","protected":false},"excerpt":{"rendered":"<p>Una mezcla dise\u00f1ada para todo proyecto de construcci\u00f3n en concreto, ofreciendo mayor seguridad antideslizante en \u00e1reas de tr\u00e1fico peatonal y propensas a volverse resbaladizas.<\/p>\n<hr \/>\n<p>A mix designed for all concrete construction projects with increased anti-slip safety for areas with foot traffic and prone to becoming slippery.<\/p>\n","protected":false},"featured_media":16136,"template":"","meta":[],"product_brand":[],"product_cat":[503],"product_tag":[308],"class_list":{"0":"post-10055","1":"product","2":"type-product","3":"status-publish","4":"has-post-thumbnail","6":"product_cat-mezcla-de-concreto","7":"product_tag-featured","8":"pa_price-for-unit-5-25","9":"pa_size-50-lbs","10":"pa_units-196","12":"first","13":"instock","14":"featured","15":"purchasable","16":"product-type-simple"},"_links":{"self":[{"href":"https:\/\/www.carmelo.com\/en\/wp-json\/wp\/v2\/product\/10055","targetHints":{"allow":["GET"]}}],"collection":[{"href":"https:\/\/www.carmelo.com\/en\/wp-json\/wp\/v2\/product"}],"about":[{"href":"https:\/\/www.carmelo.com\/en\/wp-json\/wp\/v2\/types\/product"}],"wp:featuredmedia":[{"embeddable":true,"href":"https:\/\/www.carmelo.com\/en\/wp-json\/wp\/v2\/media\/16136"}],"wp:attachment":[{"href":"https:\/\/www.carmelo.com\/en\/wp-json\/wp\/v2\/media?parent=10055"}],"wp:term":[{"taxonomy":"product_brand","embeddable":true,"href":"https:\/\/www.carmelo.com\/en\/wp-json\/wp\/v2\/product_brand?post=10055"},{"taxonomy":"product_cat","embeddable":true,"href":"https:\/\/www.carmelo.com\/en\/wp-json\/wp\/v2\/product_cat?post=10055"},{"taxonomy":"product_tag","embeddable":true,"href":"https:\/\/www.carmelo.com\/en\/wp-json\/wp\/v2\/product_tag?post=10055"}],"curies":[{"name":"wp","href":"https:\/\/api.w.org\/{rel}","templated":true}]}}