{"id":10054,"date":"2020-12-13T17:00:35","date_gmt":"2020-12-13T17:00:35","guid":{"rendered":"http:\/\/anxweb.net\/carmelo2\/index.php\/product\/joint-grout-lechada\/"},"modified":"2025-05-16T17:38:20","modified_gmt":"2025-05-16T17:38:20","slug":"lechada-con-arena-s","status":"publish","type":"product","link":"https:\/\/www.carmelo.com\/en\/product\/lechada-con-arena-s\/","title":{"rendered":"Lechada con Arena (S)"},"content":{"rendered":"<p class=\"p1\">Una lechada <b>con arena<\/b> (S) de alta calidad a base de cemento Portland y con pol\u00edmeros modificados que solo requiere la adici\u00f3n de agua.<\/p>\n<p class=\"p1\"><b>VENTAJAS Y USO<\/b><\/p>\n<p class=\"p1\">Nuestra lechada tiene baja absorci\u00f3n de agua, es f\u00e1cil de limpiar, altamente resistente a la abrasi\u00f3n, resistente a los rayos UV y viene en un solo empaque. Esta lechada <span class=\"s1\">contiene pol\u00edmeros especiales que le dan excelentes propiedades hidrof\u00f3bicas y proporcionan una alta resistencia al crecimiento de moho y hongos. <\/span><\/p>\n<p class=\"p1\"><b>\u00daTIL PARA<\/b><\/p>\n<ul class=\"ul1\">\n<li class=\"li1\">Rejuntar todo tipo de losas cer\u00e1micas de interiores y exteriores bajo condiciones h\u00famedas y secas<\/li>\n<li class=\"li1\">Rellenar juntas de piedra natural, pizarra, granito y aglomerados de piedra<\/li>\n<li class=\"li1\">Llenar juntas de losas desde 1\/8 \u201da 3\/4\u201d (3 &#8211; 19 mm)<\/li>\n<li class=\"li1\">Rellenar juntas de:\n<ul class=\"ul1\">\n<li class=\"li1\">Pisos<\/li>\n<li class=\"li1\">Paredes<\/li>\n<li class=\"li1\">Duchas<\/li>\n<li class=\"li3\">\u00c1reas sumergidas en spas y piscinas (despu\u00e9s de curarse)<\/li>\n<\/ul>\n<\/li>\n<\/ul>\n<p class=\"p1\"><strong><b>TONALIDADES:<\/b><\/strong><\/p>\n<ul>\n<li class=\"p1\">Bone<\/li>\n<li class=\"p1\">Brown<\/li>\n<li class=\"p1\">White<\/li>\n<li class=\"p1\">Champagne<\/li>\n<li class=\"p1\">Gray<\/li>\n<li class=\"p1\">Silver gray<\/li>\n<li class=\"p1\">Tan<\/li>\n<li class=\"p1\">Terracotta<\/li>\n<li class=\"p1\">Vanilla<\/li>\n<li class=\"p1\">Charcoal Gray<\/li>\n<\/ul>\n<p class=\"p1\"><b>DISPONIBLE EN SACOS DE 10 LBS. Y DE 25 LBS.<\/b><\/p>\n","protected":false},"excerpt":{"rendered":"<p>Lechada con arena para llenar juntas de losas desde 1\/8\u201d a 3\/4\u201d. Para losas cer\u00e1micas de interiores y exteriores bajo condiciones h\u00famedas y secas.<\/p>\n<hr \/>\n<p class=\"p1\">Sanded grout to fill tile joints spaces from 1\/8\u201d to 3\/4\u201d. For interior and exterior ceramic tiles under wet and dry conditions.<\/p>\n","protected":false},"featured_media":16140,"template":"","meta":[],"product_brand":[],"product_cat":[331,396,399],"product_tag":[],"class_list":{"0":"post-10054","1":"product","2":"type-product","3":"status-publish","4":"has-post-thumbnail","6":"product_cat-pegas-y-lechadas","7":"product_cat-pegas-lechadas","8":"product_cat-uncategorized","9":"pa_color-bone-s","10":"pa_color-bone-u","11":"pa_color-brown-s","12":"pa_color-brown-u","13":"pa_color-champagne-s","14":"pa_color-champagne-u","15":"pa_color-charcoal-gray-s","16":"pa_color-charcoal-gray-u","17":"pa_color-gray-s","18":"pa_color-gray-u","19":"pa_color-silver-gray-s","20":"pa_color-silver-gray-u","21":"pa_color-tan-s","22":"pa_color-tan-u","23":"pa_color-terracota-s","24":"pa_color-terracota-u","25":"pa_color-vanilla-s","26":"pa_color-vanilla-u","27":"pa_color-white-s","28":"pa_color-white-u","29":"pa_presentation-pallet","30":"pa_price-for-unit-9-71","31":"pa_price-for-unit-5-96","32":"pa_size-10-lbs","33":"pa_size-50-lbs","34":"pa_units-196","36":"first","37":"instock","38":"purchasable","39":"product-type-variable","40":"has-default-attributes"},"_links":{"self":[{"href":"https:\/\/www.carmelo.com\/en\/wp-json\/wp\/v2\/product\/10054","targetHints":{"allow":["GET"]}}],"collection":[{"href":"https:\/\/www.carmelo.com\/en\/wp-json\/wp\/v2\/product"}],"about":[{"href":"https:\/\/www.carmelo.com\/en\/wp-json\/wp\/v2\/types\/product"}],"wp:featuredmedia":[{"embeddable":true,"href":"https:\/\/www.carmelo.com\/en\/wp-json\/wp\/v2\/media\/16140"}],"wp:attachment":[{"href":"https:\/\/www.carmelo.com\/en\/wp-json\/wp\/v2\/media?parent=10054"}],"wp:term":[{"taxonomy":"product_brand","embeddable":true,"href":"https:\/\/www.carmelo.com\/en\/wp-json\/wp\/v2\/product_brand?post=10054"},{"taxonomy":"product_cat","embeddable":true,"href":"https:\/\/www.carmelo.com\/en\/wp-json\/wp\/v2\/product_cat?post=10054"},{"taxonomy":"product_tag","embeddable":true,"href":"https:\/\/www.carmelo.com\/en\/wp-json\/wp\/v2\/product_tag?post=10054"}],"curies":[{"name":"wp","href":"https:\/\/api.w.org\/{rel}","templated":true}]}}