{"id":17184,"date":"2023-08-22T19:03:20","date_gmt":"2023-08-22T19:03:20","guid":{"rendered":"https:\/\/www.carmelo.com\/?page_id=17184"},"modified":"2025-12-31T18:55:04","modified_gmt":"2025-12-31T18:55:04","slug":"in-person-workshops","status":"publish","type":"page","link":"https:\/\/www.carmelo.com\/en\/in-person-workshops\/","title":{"rendered":"Talleres Presenciales"},"content":{"rendered":"\t\t<div data-elementor-type=\"wp-page\" data-elementor-id=\"17184\" class=\"elementor elementor-17184\">\n\t\t\t\t\t\t<section class=\"elementor-section elementor-top-section elementor-element elementor-element-5eedb172 elementor-section-boxed elementor-section-height-default elementor-section-height-default mkdf-parallax-row-no mkdf-content-aligment-left mkdf-elementor-row-grid-no mkdf-disabled-bg-image-bellow-no mkdf-row-btt-light\" data-id=\"5eedb172\" data-element_type=\"section\">\n\t\t\t\t\t\t<div class=\"elementor-container elementor-column-gap-default\">\n\t\t\t\t\t<div class=\"elementor-column elementor-col-100 elementor-top-column elementor-element elementor-element-2ad70461\" data-id=\"2ad70461\" data-element_type=\"column\">\n\t\t\t<div class=\"elementor-widget-wrap\">\n\t\t\t\t\t\t\t<\/div>\n\t\t<\/div>\n\t\t\t\t\t<\/div>\n\t\t<\/section>\n\t\t\t\t<section class=\"elementor-section elementor-top-section elementor-element elementor-element-2bc46ce elementor-section-boxed elementor-section-height-default elementor-section-height-default mkdf-parallax-row-no mkdf-content-aligment-left mkdf-elementor-row-grid-no mkdf-disabled-bg-image-bellow-no mkdf-row-btt-light\" data-id=\"2bc46ce\" data-element_type=\"section\">\n\t\t\t\t\t\t<div class=\"elementor-container elementor-column-gap-default\">\n\t\t\t\t\t<div class=\"elementor-column elementor-col-100 elementor-top-column elementor-element elementor-element-5878946\" data-id=\"5878946\" data-element_type=\"column\">\n\t\t\t<div class=\"elementor-widget-wrap\">\n\t\t\t\t\t\t\t<\/div>\n\t\t<\/div>\n\t\t\t\t\t<\/div>\n\t\t<\/section>\n\t\t\t\t<section class=\"elementor-section elementor-top-section elementor-element elementor-element-714c29a elementor-section-boxed elementor-section-height-default elementor-section-height-default mkdf-parallax-row-no mkdf-content-aligment-left mkdf-elementor-row-grid-no mkdf-disabled-bg-image-bellow-no mkdf-row-btt-light\" data-id=\"714c29a\" data-element_type=\"section\">\n\t\t\t\t\t\t<div class=\"elementor-container elementor-column-gap-default\">\n\t\t\t\t\t<div class=\"elementor-column elementor-col-50 elementor-top-column elementor-element elementor-element-d3c75bf\" data-id=\"d3c75bf\" data-element_type=\"column\">\n\t\t\t<div class=\"elementor-widget-wrap elementor-element-populated\">\n\t\t\t\t\t\t<div class=\"elementor-element elementor-element-e3f6473 elementor-widget elementor-widget-heading\" data-id=\"e3f6473\" data-element_type=\"widget\" data-widget_type=\"heading.default\">\n\t\t\t\t<div class=\"elementor-widget-container\">\n\t\t\t\t\t<h4 class=\"elementor-heading-title elementor-size-default\">Construye M\u00e1s R\u00e1pido y Fuerte con el Sistema SCIP | S\u00e1bado, 24 de enero de 2026<\/h4>\t\t\t\t<\/div>\n\t\t\t\t<\/div>\n\t\t\t\t<div class=\"elementor-element elementor-element-d7ad421 elementor-widget elementor-widget-text-editor\" data-id=\"d7ad421\" data-element_type=\"widget\" data-widget_type=\"text-editor.default\">\n\t\t\t\t<div class=\"elementor-widget-container\">\n\t\t\t\t\t\t\t\t\t<p>Taller pr\u00e1ctico donde aprender\u00e1s a dominar el sistema SCIP: colocaci\u00f3n de paneles, integraci\u00f3n estructural y aplicaci\u00f3n de morteros. Ideal para contratistas, arquitectos y profesionales que buscan modernizar sus m\u00e9todos constructivos haciendo proyectos resistentes, frescos y m\u00e1s r\u00e1pidos.<\/p><p>Horario: 8am &#8211; 12pm<\/p><p>Localizaci\u00f3n: <a href=\"https:\/\/goo.gl\/maps\/94L6jgVJx8UMBtUa9\">Facilidades de Ecol\u00f3gica Carmelo<\/a><\/p>\t\t\t\t\t\t\t\t<\/div>\n\t\t\t\t<\/div>\n\t\t\t\t\t<\/div>\n\t\t<\/div>\n\t\t\t\t<div class=\"elementor-column elementor-col-50 elementor-top-column elementor-element elementor-element-5fe89db\" data-id=\"5fe89db\" data-element_type=\"column\">\n\t\t\t<div class=\"elementor-widget-wrap elementor-element-populated\">\n\t\t\t\t\t\t<div class=\"elementor-element elementor-element-b3345e4 elementor-widget elementor-widget-image\" data-id=\"b3345e4\" data-element_type=\"widget\" data-widget_type=\"image.default\">\n\t\t\t\t<div class=\"elementor-widget-container\">\n\t\t\t\t\t\t\t\t\t\t\t\t\t\t\t<img fetchpriority=\"high\" decoding=\"async\" width=\"1024\" height=\"536\" src=\"https:\/\/www.carmelo.com\/wp-content\/uploads\/2025\/12\/scip-construye-web-enero24-2026-1024x536.png\" class=\"attachment-large size-large wp-image-22066\" alt=\"\" srcset=\"https:\/\/www.carmelo.com\/wp-content\/uploads\/2025\/12\/scip-construye-web-enero24-2026-1024x536.png 1024w, https:\/\/www.carmelo.com\/wp-content\/uploads\/2025\/12\/scip-construye-web-enero24-2026-500x262.png 500w, https:\/\/www.carmelo.com\/wp-content\/uploads\/2025\/12\/scip-construye-web-enero24-2026-200x105.png 200w, https:\/\/www.carmelo.com\/wp-content\/uploads\/2025\/12\/scip-construye-web-enero24-2026-768x402.png 768w, https:\/\/www.carmelo.com\/wp-content\/uploads\/2025\/12\/scip-construye-web-enero24-2026-1536x804.png 1536w, https:\/\/www.carmelo.com\/wp-content\/uploads\/2025\/12\/scip-construye-web-enero24-2026-600x314.png 600w, https:\/\/www.carmelo.com\/wp-content\/uploads\/2025\/12\/scip-construye-web-enero24-2026.png 1920w\" sizes=\"(max-width: 1024px) 100vw, 1024px\" \/>\t\t\t\t\t\t\t\t\t\t\t\t\t\t\t<\/div>\n\t\t\t\t<\/div>\n\t\t\t\t\t<\/div>\n\t\t<\/div>\n\t\t\t\t\t<\/div>\n\t\t<\/section>\n\t\t\t\t<section class=\"elementor-section elementor-top-section elementor-element elementor-element-0fff75c elementor-section-boxed elementor-section-height-default elementor-section-height-default mkdf-parallax-row-no mkdf-content-aligment-left mkdf-elementor-row-grid-no mkdf-disabled-bg-image-bellow-no mkdf-row-btt-light\" data-id=\"0fff75c\" data-element_type=\"section\">\n\t\t\t\t\t\t<div class=\"elementor-container elementor-column-gap-default\">\n\t\t\t\t\t<div class=\"elementor-column elementor-col-100 elementor-top-column elementor-element elementor-element-cc41e30\" data-id=\"cc41e30\" data-element_type=\"column\">\n\t\t\t<div class=\"elementor-widget-wrap elementor-element-populated\">\n\t\t\t\t\t\t<div class=\"elementor-element elementor-element-629a0e7 elementor-widget-divider--view-line elementor-widget elementor-widget-divider\" data-id=\"629a0e7\" data-element_type=\"widget\" data-widget_type=\"divider.default\">\n\t\t\t\t<div class=\"elementor-widget-container\">\n\t\t\t\t\t\t\t<div class=\"elementor-divider\">\n\t\t\t<span class=\"elementor-divider-separator\">\n\t\t\t\t\t\t<\/span>\n\t\t<\/div>\n\t\t\t\t\t\t<\/div>\n\t\t\t\t<\/div>\n\t\t\t\t<div class=\"elementor-element elementor-element-87c1984 elementor-widget elementor-widget-html\" data-id=\"87c1984\" data-element_type=\"widget\" data-widget_type=\"html.default\">\n\t\t\t\t<div class=\"elementor-widget-container\">\n\t\t\t\t\t<script type=\"text\/javascript\" src=\"https:\/\/form.jotform.com\/jsform\/232335662269157\"><\/script>\t\t\t\t<\/div>\n\t\t\t\t<\/div>\n\t\t\t\t\t<\/div>\n\t\t<\/div>\n\t\t\t\t\t<\/div>\n\t\t<\/section>\n\t\t\t\t<section class=\"elementor-section elementor-top-section elementor-element elementor-element-8b04fc1 elementor-section-boxed elementor-section-height-default elementor-section-height-default mkdf-parallax-row-no mkdf-content-aligment-left mkdf-elementor-row-grid-no mkdf-disabled-bg-image-bellow-no mkdf-row-btt-light\" data-id=\"8b04fc1\" data-element_type=\"section\">\n\t\t\t\t\t\t<div class=\"elementor-container elementor-column-gap-default\">\n\t\t\t\t\t<div class=\"elementor-column elementor-col-100 elementor-top-column elementor-element elementor-element-5809a29\" data-id=\"5809a29\" data-element_type=\"column\">\n\t\t\t<div class=\"elementor-widget-wrap elementor-element-populated\">\n\t\t\t\t\t\t<div class=\"elementor-element elementor-element-89d673b elementor-widget elementor-widget-heading\" data-id=\"89d673b\" data-element_type=\"widget\" data-widget_type=\"heading.default\">\n\t\t\t\t<div class=\"elementor-widget-container\">\n\t\t\t\t\t<h3 class=\"elementor-heading-title elementor-size-default\">Pr\u00f3ximas Fechas (s\u00e1bados)<\/h3>\t\t\t\t<\/div>\n\t\t\t\t<\/div>\n\t\t\t\t<div class=\"elementor-element elementor-element-61b82ac elementor-widget elementor-widget-text-editor\" data-id=\"61b82ac\" data-element_type=\"widget\" data-widget_type=\"text-editor.default\">\n\t\t\t\t<div class=\"elementor-widget-container\">\n\t\t\t\t\t\t\t\t\t<p>Registro para talleres presenciales se abrir\u00e1n seg\u00fan se acerque la fecha.<\/p>\t\t\t\t\t\t\t\t<\/div>\n\t\t\t\t<\/div>\n\t\t\t\t\t<\/div>\n\t\t<\/div>\n\t\t\t\t\t<\/div>\n\t\t<\/section>\n\t\t\t\t<section class=\"elementor-section elementor-top-section elementor-element elementor-element-d6b9e8c elementor-section-boxed elementor-section-height-default elementor-section-height-default mkdf-parallax-row-no mkdf-content-aligment-left mkdf-elementor-row-grid-no mkdf-disabled-bg-image-bellow-no mkdf-row-btt-light\" data-id=\"d6b9e8c\" data-element_type=\"section\">\n\t\t\t\t\t\t<div class=\"elementor-container elementor-column-gap-default\">\n\t\t\t\t\t<div class=\"elementor-column elementor-col-33 elementor-top-column elementor-element elementor-element-fe0208e\" data-id=\"fe0208e\" data-element_type=\"column\">\n\t\t\t<div class=\"elementor-widget-wrap elementor-element-populated\">\n\t\t\t\t\t\t<div class=\"elementor-element elementor-element-7a97f8f elementor-widget elementor-widget-text-editor\" data-id=\"7a97f8f\" data-element_type=\"widget\" data-widget_type=\"text-editor.default\">\n\t\t\t\t<div class=\"elementor-widget-container\">\n\t\t\t\t\t\t\t\t\t<p><strong>Construcci\u00f3n con Paneles Estructurales con Aislaci\u00f3n T\u00e9rmica<\/strong><\/p><p>Fechas:<\/p><ul><li>24 de enero de 2026<\/li><li>21 de marzo de 2026<\/li><li>23 de mayo de 2026<\/li><li>18 de julio de 2026<\/li><li>19 de septiembre de 2026<\/li><li>21 de noviembre de 2026<\/li><\/ul>\t\t\t\t\t\t\t\t<\/div>\n\t\t\t\t<\/div>\n\t\t\t\t\t<\/div>\n\t\t<\/div>\n\t\t\t\t<div class=\"elementor-column elementor-col-33 elementor-top-column elementor-element elementor-element-5626bef\" data-id=\"5626bef\" data-element_type=\"column\">\n\t\t\t<div class=\"elementor-widget-wrap elementor-element-populated\">\n\t\t\t\t\t\t<div class=\"elementor-element elementor-element-26f76f4 elementor-widget elementor-widget-text-editor\" data-id=\"26f76f4\" data-element_type=\"widget\" data-widget_type=\"text-editor.default\">\n\t\t\t\t<div class=\"elementor-widget-container\">\n\t\t\t\t\t\t\t\t\t<p><strong>Instalaci\u00f3n de Adoquines<br \/><\/strong><\/p><p>Fecha:<\/p><ul><li>21 de febrero de 2026<\/li><li>20 de junio de 2026<\/li><\/ul>\t\t\t\t\t\t\t\t<\/div>\n\t\t\t\t<\/div>\n\t\t\t\t\t<\/div>\n\t\t<\/div>\n\t\t\t\t<div class=\"elementor-column elementor-col-33 elementor-top-column elementor-element elementor-element-e57c989\" data-id=\"e57c989\" data-element_type=\"column\">\n\t\t\t<div class=\"elementor-widget-wrap elementor-element-populated\">\n\t\t\t\t\t\t<div class=\"elementor-element elementor-element-78069da elementor-widget elementor-widget-text-editor\" data-id=\"78069da\" data-element_type=\"widget\" data-widget_type=\"text-editor.default\">\n\t\t\t\t<div class=\"elementor-widget-container\">\n\t\t\t\t\t\t\t\t\t<p><strong>Morteros de Reparaci\u00f3n | Autonivelantes<br \/><\/strong><\/p><p>Fecha:<\/p><ul><li>25 de abril de 2026<\/li><\/ul>\t\t\t\t\t\t\t\t<\/div>\n\t\t\t\t<\/div>\n\t\t\t\t\t<\/div>\n\t\t<\/div>\n\t\t\t\t\t<\/div>\n\t\t<\/section>\n\t\t\t\t<\/div>\n\t\t","protected":false},"excerpt":{"rendered":"<p>Construye M\u00e1s R\u00e1pido y Fuerte con el Sistema SCIP | S\u00e1bado, 24 de enero de 2026 Taller pr\u00e1ctico donde aprender\u00e1s a dominar el sistema SCIP: colocaci\u00f3n de paneles, integraci\u00f3n estructural y aplicaci\u00f3n de morteros. Ideal para contratistas, arquitectos y profesionales [&hellip;]<\/p>\n","protected":false},"author":1,"featured_media":0,"parent":0,"menu_order":0,"comment_status":"closed","ping_status":"closed","template":"","meta":{"footnotes":""},"class_list":["post-17184","page","type-page","status-publish","hentry"],"_links":{"self":[{"href":"https:\/\/www.carmelo.com\/en\/wp-json\/wp\/v2\/pages\/17184","targetHints":{"allow":["GET"]}}],"collection":[{"href":"https:\/\/www.carmelo.com\/en\/wp-json\/wp\/v2\/pages"}],"about":[{"href":"https:\/\/www.carmelo.com\/en\/wp-json\/wp\/v2\/types\/page"}],"author":[{"embeddable":true,"href":"https:\/\/www.carmelo.com\/en\/wp-json\/wp\/v2\/users\/1"}],"replies":[{"embeddable":true,"href":"https:\/\/www.carmelo.com\/en\/wp-json\/wp\/v2\/comments?post=17184"}],"version-history":[{"count":39,"href":"https:\/\/www.carmelo.com\/en\/wp-json\/wp\/v2\/pages\/17184\/revisions"}],"predecessor-version":[{"id":22107,"href":"https:\/\/www.carmelo.com\/en\/wp-json\/wp\/v2\/pages\/17184\/revisions\/22107"}],"wp:attachment":[{"href":"https:\/\/www.carmelo.com\/en\/wp-json\/wp\/v2\/media?parent=17184"}],"curies":[{"name":"wp","href":"https:\/\/api.w.org\/{rel}","templated":true}]}}