{"id":16283,"date":"2022-06-28T18:22:25","date_gmt":"2022-06-28T18:22:25","guid":{"rendered":"https:\/\/www.carmelo.com\/?page_id=16283"},"modified":"2025-02-17T20:32:56","modified_gmt":"2025-02-17T20:32:56","slug":"careers","status":"publish","type":"page","link":"https:\/\/www.carmelo.com\/en\/careers\/","title":{"rendered":"Careers"},"content":{"rendered":"\t\t<div data-elementor-type=\"wp-page\" data-elementor-id=\"16283\" class=\"elementor elementor-16283\">\n\t\t\t\t\t\t<section class=\"elementor-section elementor-top-section elementor-element elementor-element-d4ad959 elementor-section-boxed elementor-section-height-default elementor-section-height-default mkdf-parallax-row-no mkdf-content-aligment-left mkdf-elementor-row-grid-no mkdf-disabled-bg-image-bellow-no mkdf-row-btt-light\" data-id=\"d4ad959\" data-element_type=\"section\">\n\t\t\t\t\t\t<div class=\"elementor-container elementor-column-gap-default\">\n\t\t\t\t\t<div class=\"elementor-column elementor-col-100 elementor-top-column elementor-element elementor-element-a91ee99\" data-id=\"a91ee99\" data-element_type=\"column\">\n\t\t\t<div class=\"elementor-widget-wrap elementor-element-populated\">\n\t\t\t\t\t\t<div class=\"elementor-element elementor-element-9528a47 elementor-widget elementor-widget-text-editor\" data-id=\"9528a47\" data-element_type=\"widget\" data-widget_type=\"text-editor.default\">\n\t\t\t\t<div class=\"elementor-widget-container\">\n\t\t\t\t\t\t\t\t\t<h3><strong>\u00danete a nuestro Equipo de Trabajo.<\/strong><\/h3>\t\t\t\t\t\t\t\t<\/div>\n\t\t\t\t<\/div>\n\t\t\t\t\t<\/div>\n\t\t<\/div>\n\t\t\t\t\t<\/div>\n\t\t<\/section>\n\t\t\t\t<section class=\"elementor-section elementor-top-section elementor-element elementor-element-fb1d7e9 elementor-section-boxed elementor-section-height-default elementor-section-height-default mkdf-parallax-row-no mkdf-content-aligment-left mkdf-elementor-row-grid-no mkdf-disabled-bg-image-bellow-no mkdf-row-btt-light\" data-id=\"fb1d7e9\" data-element_type=\"section\">\n\t\t\t\t\t\t<div class=\"elementor-container elementor-column-gap-default\">\n\t\t\t\t\t<div class=\"elementor-column elementor-col-33 elementor-top-column elementor-element elementor-element-f55474e\" data-id=\"f55474e\" data-element_type=\"column\">\n\t\t\t<div class=\"elementor-widget-wrap elementor-element-populated\">\n\t\t\t\t\t\t<div class=\"elementor-element elementor-element-cb125a0 elementor-widget elementor-widget-image\" data-id=\"cb125a0\" data-element_type=\"widget\" data-widget_type=\"image.default\">\n\t\t\t\t<div class=\"elementor-widget-container\">\n\t\t\t\t\t\t\t\t\t\t\t\t\t\t\t<img fetchpriority=\"high\" decoding=\"async\" width=\"940\" height=\"788\" src=\"https:\/\/www.carmelo.com\/wp-content\/uploads\/2025\/02\/operadordeequipopesado.png\" class=\"attachment-large size-large wp-image-20880\" alt=\"\" \/>\t\t\t\t\t\t\t\t\t\t\t\t\t\t\t<\/div>\n\t\t\t\t<\/div>\n\t\t\t\t\t<\/div>\n\t\t<\/div>\n\t\t\t\t<div class=\"elementor-column elementor-col-66 elementor-top-column elementor-element elementor-element-5022f78\" data-id=\"5022f78\" data-element_type=\"column\">\n\t\t\t<div class=\"elementor-widget-wrap elementor-element-populated\">\n\t\t\t\t\t\t<div class=\"elementor-element elementor-element-e358f94 elementor-widget elementor-widget-heading\" data-id=\"e358f94\" data-element_type=\"widget\" data-widget_type=\"heading.default\">\n\t\t\t\t<div class=\"elementor-widget-container\">\n\t\t\t\t\t<h3 class=\"elementor-heading-title elementor-size-default\">Operador de Equipo Pesado<\/h3>\t\t\t\t<\/div>\n\t\t\t\t<\/div>\n\t\t\t\t<div class=\"elementor-element elementor-element-89e32bb elementor-widget elementor-widget-text-editor\" data-id=\"89e32bb\" data-element_type=\"widget\" data-widget_type=\"text-editor.default\">\n\t\t\t\t<div class=\"elementor-widget-container\">\n\t\t\t\t\t\t\t\t\t<p><strong>Productora de Agregados | Isabela<br \/><\/strong><\/p><p>RESPONSABILIDADES:<\/p><ul><li>Disponibilidad completa.<\/li><li>Responsable y dispuesto a laborar despu\u00e9s del turno regular de trabajo y s\u00e1bado.<\/li><li>Dispuesto a trabajar en equipo y adaptarse a nuevas situaciones.<\/li><\/ul><p>REQUISITOS:<\/p><ul><li>Puntual, organizado (a) y confiable.<\/li><li>Licencia de conducir vigente.<\/li><\/ul><p>EXPERIENCIA:<\/p><ul><li>Un (1) a\u00f1o o m\u00e1s en operar equipo pesada.<\/li><\/ul><p><strong>BENEFICIOS:<\/strong><\/p><ul><li>Licencia de vacaciones y enfermedad<\/li><li>Plan m\u00e9dico<\/li><li>Bono de Ley<\/li><li>401K<\/li><\/ul><p><strong>Lugar de Trabajo:<\/strong> Isabela<\/p>\t\t\t\t\t\t\t\t<\/div>\n\t\t\t\t<\/div>\n\t\t\t\t\t<\/div>\n\t\t<\/div>\n\t\t\t\t\t<\/div>\n\t\t<\/section>\n\t\t\t\t<section class=\"elementor-section elementor-top-section elementor-element elementor-element-d31716e elementor-section-boxed elementor-section-height-default elementor-section-height-default mkdf-parallax-row-no mkdf-content-aligment-left mkdf-elementor-row-grid-no mkdf-disabled-bg-image-bellow-no mkdf-row-btt-light\" data-id=\"d31716e\" data-element_type=\"section\">\n\t\t\t\t\t\t<div class=\"elementor-container elementor-column-gap-default\">\n\t\t\t\t\t<div class=\"elementor-column elementor-col-33 elementor-top-column elementor-element elementor-element-94f6ff0\" data-id=\"94f6ff0\" data-element_type=\"column\">\n\t\t\t<div class=\"elementor-widget-wrap elementor-element-populated\">\n\t\t\t\t\t\t<div class=\"elementor-element elementor-element-72dd028 elementor-widget elementor-widget-image\" data-id=\"72dd028\" data-element_type=\"widget\" data-widget_type=\"image.default\">\n\t\t\t\t<div class=\"elementor-widget-container\">\n\t\t\t\t\t\t\t\t\t\t\t\t\t\t\t<img decoding=\"async\" width=\"940\" height=\"788\" src=\"https:\/\/www.carmelo.com\/wp-content\/uploads\/2023\/06\/obrero-carmelo.png\" class=\"attachment-large size-large wp-image-17118\" alt=\"\" \/>\t\t\t\t\t\t\t\t\t\t\t\t\t\t\t<\/div>\n\t\t\t\t<\/div>\n\t\t\t\t\t<\/div>\n\t\t<\/div>\n\t\t\t\t<div class=\"elementor-column elementor-col-66 elementor-top-column elementor-element elementor-element-7a9c7ea\" data-id=\"7a9c7ea\" data-element_type=\"column\">\n\t\t\t<div class=\"elementor-widget-wrap elementor-element-populated\">\n\t\t\t\t\t\t<div class=\"elementor-element elementor-element-c87b591 elementor-widget elementor-widget-heading\" data-id=\"c87b591\" data-element_type=\"widget\" data-widget_type=\"heading.default\">\n\t\t\t\t<div class=\"elementor-widget-container\">\n\t\t\t\t\t<h3 class=\"elementor-heading-title elementor-size-default\">Obrero (a)<\/h3>\t\t\t\t<\/div>\n\t\t\t\t<\/div>\n\t\t\t\t<div class=\"elementor-element elementor-element-7ca3632 elementor-widget elementor-widget-text-editor\" data-id=\"7ca3632\" data-element_type=\"widget\" data-widget_type=\"text-editor.default\">\n\t\t\t\t<div class=\"elementor-widget-container\">\n\t\t\t\t\t\t\t\t\t<p><strong>Productora de Agregados | Vega Baja<\/strong><\/p><p>RESPONSABILIDADES:<\/p><ul><li>Disponibilidad completa.<\/li><li>Responsable y dispuesto a laborar despu\u00e9s del turno regular de trabajo y s\u00e1bado.<\/li><li>Dispuesto a trabajar en equipo y adaptarse a nuevas situaciones.<\/li><\/ul><p>REQUISITOS:<\/p><ul><li>Puntual, organizado (a) y confiable.<\/li><li>Licencia de conducir vigente.<\/li><\/ul><p>EXPERIENCIA:<\/p><ul><li>No se requiere experiencia, dispuesto a aprender y desarrollarse en otras funciones.<\/li><\/ul><p><strong>BENEFICIOS:<\/strong><\/p><ul><li>Licencia de vacaciones y enfermedad<\/li><li>Plan m\u00e9dico<\/li><li>Bono de Ley<\/li><li>401K<\/li><\/ul><p><strong>Lugar de Trabajo:<\/strong> Vega Baja<\/p>\t\t\t\t\t\t\t\t<\/div>\n\t\t\t\t<\/div>\n\t\t\t\t\t<\/div>\n\t\t<\/div>\n\t\t\t\t\t<\/div>\n\t\t<\/section>\n\t\t\t\t<section class=\"elementor-section elementor-top-section elementor-element elementor-element-fc9d9f6 elementor-section-boxed elementor-section-height-default elementor-section-height-default mkdf-parallax-row-no mkdf-content-aligment-left mkdf-elementor-row-grid-no mkdf-disabled-bg-image-bellow-no mkdf-row-btt-light\" data-id=\"fc9d9f6\" data-element_type=\"section\">\n\t\t\t\t\t\t<div class=\"elementor-container elementor-column-gap-default\">\n\t\t\t\t\t<div class=\"elementor-column elementor-col-33 elementor-top-column elementor-element elementor-element-8d3c0b8\" data-id=\"8d3c0b8\" data-element_type=\"column\">\n\t\t\t<div class=\"elementor-widget-wrap elementor-element-populated\">\n\t\t\t\t\t\t<div class=\"elementor-element elementor-element-3a4b410 elementor-widget elementor-widget-image\" data-id=\"3a4b410\" data-element_type=\"widget\" data-widget_type=\"image.default\">\n\t\t\t\t<div class=\"elementor-widget-container\">\n\t\t\t\t\t\t\t\t\t\t\t\t\t\t\t<img decoding=\"async\" width=\"940\" height=\"788\" src=\"https:\/\/www.carmelo.com\/wp-content\/uploads\/2025\/02\/mecanicodiesel-carmelo.png\" class=\"attachment-large size-large wp-image-21246\" alt=\"\" srcset=\"https:\/\/www.carmelo.com\/wp-content\/uploads\/2025\/02\/mecanicodiesel-carmelo.png 940w, https:\/\/www.carmelo.com\/wp-content\/uploads\/2025\/02\/mecanicodiesel-carmelo-500x419.png 500w, https:\/\/www.carmelo.com\/wp-content\/uploads\/2025\/02\/mecanicodiesel-carmelo-200x168.png 200w, https:\/\/www.carmelo.com\/wp-content\/uploads\/2025\/02\/mecanicodiesel-carmelo-768x644.png 768w, https:\/\/www.carmelo.com\/wp-content\/uploads\/2025\/02\/mecanicodiesel-carmelo-600x503.png 600w\" sizes=\"(max-width: 940px) 100vw, 940px\" \/>\t\t\t\t\t\t\t\t\t\t\t\t\t\t\t<\/div>\n\t\t\t\t<\/div>\n\t\t\t\t\t<\/div>\n\t\t<\/div>\n\t\t\t\t<div class=\"elementor-column elementor-col-66 elementor-top-column elementor-element elementor-element-629456e\" data-id=\"629456e\" data-element_type=\"column\">\n\t\t\t<div class=\"elementor-widget-wrap elementor-element-populated\">\n\t\t\t\t\t\t<div class=\"elementor-element elementor-element-aa99e0b elementor-widget elementor-widget-heading\" data-id=\"aa99e0b\" data-element_type=\"widget\" data-widget_type=\"heading.default\">\n\t\t\t\t<div class=\"elementor-widget-container\">\n\t\t\t\t\t<h3 class=\"elementor-heading-title elementor-size-default\">Mec\u00e1nico Diesel<\/h3>\t\t\t\t<\/div>\n\t\t\t\t<\/div>\n\t\t\t\t<div class=\"elementor-element elementor-element-2d37036 elementor-widget elementor-widget-text-editor\" data-id=\"2d37036\" data-element_type=\"widget\" data-widget_type=\"text-editor.default\">\n\t\t\t\t<div class=\"elementor-widget-container\">\n\t\t\t\t\t\t\t\t\t<p><strong>Productora de Agregados | Dorado &amp; Vega Baja<\/strong><\/p><p>RESPONSABILIDADES:<\/p><ul><li>Disponibilidad completa.<\/li><li>Responsable y dispuesto a laborar despu\u00e9s del turno regular de trabajo y s\u00e1bado.<\/li><li>Dispuesto a trabajar en equipo y adaptarse a nuevas situaciones.<\/li><\/ul><p>REQUISITOS:<\/p><ul><li>Puntual, organizado (a) y confiable.<\/li><li>Licencia de conducir vigente.<\/li><\/ul><p>EXPERIENCIA:<\/p><ul><li>Experiencia de 2 a\u00f1os o m\u00e1s en Mec\u00e1nica Diesel (Equipo Pesado).<\/li><\/ul><p><strong>BENEFICIOS:<\/strong><\/p><ul><li>Beneficios Competitivos<\/li><li>Licencia de vacaciones y enfermedad<\/li><li>Plan m\u00e9dico<\/li><li>Bono de Ley<\/li><li>401K<\/li><li>Otros<\/li><\/ul><p><strong>Lugar de Trabajo:<\/strong> <strong>Dorado &amp; Vega Baja<\/strong><\/p>\t\t\t\t\t\t\t\t<\/div>\n\t\t\t\t<\/div>\n\t\t\t\t\t<\/div>\n\t\t<\/div>\n\t\t\t\t\t<\/div>\n\t\t<\/section>\n\t\t\t\t<section class=\"elementor-section elementor-top-section elementor-element elementor-element-8b51eb4 elementor-section-boxed elementor-section-height-default elementor-section-height-default mkdf-parallax-row-no mkdf-content-aligment-left mkdf-elementor-row-grid-no mkdf-disabled-bg-image-bellow-no mkdf-row-btt-light\" data-id=\"8b51eb4\" data-element_type=\"section\">\n\t\t\t\t\t\t<div class=\"elementor-container elementor-column-gap-default\">\n\t\t\t\t\t<div class=\"elementor-column elementor-col-33 elementor-top-column elementor-element elementor-element-4327279\" data-id=\"4327279\" data-element_type=\"column\">\n\t\t\t<div class=\"elementor-widget-wrap elementor-element-populated\">\n\t\t\t\t\t\t<div class=\"elementor-element elementor-element-1957efd elementor-widget elementor-widget-image\" data-id=\"1957efd\" data-element_type=\"widget\" data-widget_type=\"image.default\">\n\t\t\t\t<div class=\"elementor-widget-container\">\n\t\t\t\t\t\t\t\t\t\t\t\t\t\t\t<img loading=\"lazy\" decoding=\"async\" width=\"940\" height=\"788\" src=\"https:\/\/www.carmelo.com\/wp-content\/uploads\/2023\/05\/oficinista-carmelo.png\" class=\"attachment-large size-large wp-image-16962\" alt=\"\" \/>\t\t\t\t\t\t\t\t\t\t\t\t\t\t\t<\/div>\n\t\t\t\t<\/div>\n\t\t\t\t\t<\/div>\n\t\t<\/div>\n\t\t\t\t<div class=\"elementor-column elementor-col-66 elementor-top-column elementor-element elementor-element-cbe67f5\" data-id=\"cbe67f5\" data-element_type=\"column\">\n\t\t\t<div class=\"elementor-widget-wrap elementor-element-populated\">\n\t\t\t\t\t\t<div class=\"elementor-element elementor-element-9ffe133 elementor-widget elementor-widget-heading\" data-id=\"9ffe133\" data-element_type=\"widget\" data-widget_type=\"heading.default\">\n\t\t\t\t<div class=\"elementor-widget-container\">\n\t\t\t\t\t<h3 class=\"elementor-heading-title elementor-size-default\">Oficinista de Cuentas por Pagar<\/h3>\t\t\t\t<\/div>\n\t\t\t\t<\/div>\n\t\t\t\t<div class=\"elementor-element elementor-element-2822119 elementor-widget elementor-widget-text-editor\" data-id=\"2822119\" data-element_type=\"widget\" data-widget_type=\"text-editor.default\">\n\t\t\t\t<div class=\"elementor-widget-container\">\n\t\t\t\t\t\t\t\t\t<p><strong>Ecol\u00f3gica Carmelo | Toa Baja<\/strong><\/p><p>RESPONSABILIDADES:<\/p><ul><li>Disponibilidad completa.<\/li><li>Conocimiento de las pr\u00e1cticas y procedimientos contables y financieros.<\/li><li>Conocimiento de los reglamentos gubernamentales y los requisitos de reporte.<\/li><\/ul><p>REQUISITOS:<\/p><ul><li>Puntual, organizado (a) y confiable.<\/li><li>Bachillerato en Contabilidad o campo relacionado.<\/li><\/ul><p>EXPERIENCIA:<\/p><ul><li>Uno o m\u00e1s a\u00f1os relacionados con departamentos de cuentas a pagar. <\/li><li>Experiencia en cuentas por pagar y reconciliaci\u00f3n bancaria<\/li><\/ul><p><strong>BENEFICIOS:<\/strong><\/p><ul><li>Beneficios Competitivos<\/li><li>Otros<\/li><\/ul><p><strong>Lugar de Trabajo:<\/strong> <strong>Toa Baja<\/strong><\/p>\t\t\t\t\t\t\t\t<\/div>\n\t\t\t\t<\/div>\n\t\t\t\t\t<\/div>\n\t\t<\/div>\n\t\t\t\t\t<\/div>\n\t\t<\/section>\n\t\t\t\t<section class=\"elementor-section elementor-top-section elementor-element elementor-element-6b1685c elementor-section-boxed elementor-section-height-default elementor-section-height-default mkdf-parallax-row-no mkdf-content-aligment-left mkdf-elementor-row-grid-no mkdf-disabled-bg-image-bellow-no mkdf-row-btt-light\" data-id=\"6b1685c\" data-element_type=\"section\">\n\t\t\t\t\t\t<div class=\"elementor-container elementor-column-gap-default\">\n\t\t\t\t\t<div class=\"elementor-column elementor-col-100 elementor-top-column elementor-element elementor-element-8cc3bb7\" data-id=\"8cc3bb7\" data-element_type=\"column\">\n\t\t\t<div class=\"elementor-widget-wrap elementor-element-populated\">\n\t\t\t\t\t\t<div class=\"elementor-element elementor-element-3cac4df elementor-widget elementor-widget-heading\" data-id=\"3cac4df\" data-element_type=\"widget\" data-widget_type=\"heading.default\">\n\t\t\t\t<div class=\"elementor-widget-container\">\n\t\t\t\t\t<h3 class=\"elementor-heading-title elementor-size-default\">Complete el formulario y env\u00ede su resum\u00e9<\/h3>\t\t\t\t<\/div>\n\t\t\t\t<\/div>\n\t\t\t\t<div class=\"elementor-element elementor-element-9477b5c elementor-widget elementor-widget-text-editor\" data-id=\"9477b5c\" data-element_type=\"widget\" data-widget_type=\"text-editor.default\">\n\t\t\t\t<div class=\"elementor-widget-container\">\n\t\t\t\t\t\t\t\t\t<p>Tambi\u00e9n, puede enviar resum\u00e9 a: <a href=\"mailto:bcolon@carmelo.com\" target=\"_blank\" rel=\"noopener\">bcolon@carmelo.com<\/a>\u00a0<\/p>\t\t\t\t\t\t\t\t<\/div>\n\t\t\t\t<\/div>\n\t\t\t\t<div class=\"elementor-element elementor-element-a19f408 elementor-widget elementor-widget-text-editor\" data-id=\"a19f408\" data-element_type=\"widget\" data-widget_type=\"text-editor.default\">\n\t\t\t\t<div class=\"elementor-widget-container\">\n\t\t\t\t\t\t\t\t\t<script type=\"text\/javascript\" src=\"https:\/\/form.jotform.com\/jsform\/233066240190144\"><\/script>\t\t\t\t\t\t\t\t<\/div>\n\t\t\t\t<\/div>\n\t\t\t\t\t<\/div>\n\t\t<\/div>\n\t\t\t\t\t<\/div>\n\t\t<\/section>\n\t\t\t\t<\/div>\n\t\t","protected":false},"excerpt":{"rendered":"<p>\u00danete a nuestro Equipo de Trabajo. Operador de Equipo Pesado Productora de Agregados | Isabela RESPONSABILIDADES: Disponibilidad completa. Responsable y dispuesto a laborar despu\u00e9s del turno regular de trabajo y s\u00e1bado. Dispuesto a trabajar en equipo y adaptarse a nuevas [&hellip;]<\/p>\n","protected":false},"author":1,"featured_media":0,"parent":0,"menu_order":0,"comment_status":"closed","ping_status":"closed","template":"","meta":{"footnotes":""},"class_list":["post-16283","page","type-page","status-publish","hentry"],"_links":{"self":[{"href":"https:\/\/www.carmelo.com\/en\/wp-json\/wp\/v2\/pages\/16283","targetHints":{"allow":["GET"]}}],"collection":[{"href":"https:\/\/www.carmelo.com\/en\/wp-json\/wp\/v2\/pages"}],"about":[{"href":"https:\/\/www.carmelo.com\/en\/wp-json\/wp\/v2\/types\/page"}],"author":[{"embeddable":true,"href":"https:\/\/www.carmelo.com\/en\/wp-json\/wp\/v2\/users\/1"}],"replies":[{"embeddable":true,"href":"https:\/\/www.carmelo.com\/en\/wp-json\/wp\/v2\/comments?post=16283"}],"version-history":[{"count":30,"href":"https:\/\/www.carmelo.com\/en\/wp-json\/wp\/v2\/pages\/16283\/revisions"}],"predecessor-version":[{"id":21417,"href":"https:\/\/www.carmelo.com\/en\/wp-json\/wp\/v2\/pages\/16283\/revisions\/21417"}],"wp:attachment":[{"href":"https:\/\/www.carmelo.com\/en\/wp-json\/wp\/v2\/media?parent=16283"}],"curies":[{"name":"wp","href":"https:\/\/api.w.org\/{rel}","templated":true}]}}