{"id":11912,"date":"2021-06-08T16:20:47","date_gmt":"2021-06-08T16:20:47","guid":{"rendered":"https:\/\/www.carmelo.com\/?page_id=11912"},"modified":"2023-11-21T16:07:23","modified_gmt":"2023-11-21T16:07:23","slug":"showcase-architects","status":"publish","type":"page","link":"https:\/\/www.carmelo.com\/en\/showcase-architects\/","title":{"rendered":"Showcase Architects"},"content":{"rendered":"\t\t<div data-elementor-type=\"wp-page\" data-elementor-id=\"11912\" class=\"elementor elementor-11912\">\n\t\t\t\t\t\t<section class=\"elementor-section elementor-top-section elementor-element elementor-element-d137eb3 elementor-section-boxed elementor-section-height-default elementor-section-height-default mkdf-parallax-row-no mkdf-content-aligment-left mkdf-elementor-row-grid-no mkdf-disabled-bg-image-bellow-no mkdf-row-btt-light\" data-id=\"d137eb3\" data-element_type=\"section\">\n\t\t\t\t\t\t<div class=\"elementor-container elementor-column-gap-default\">\n\t\t\t\t\t<div class=\"elementor-column elementor-col-100 elementor-top-column elementor-element elementor-element-399da79\" data-id=\"399da79\" data-element_type=\"column\">\n\t\t\t<div class=\"elementor-widget-wrap elementor-element-populated\">\n\t\t\t\t\t\t<div class=\"elementor-element elementor-element-b54e0cb elementor-widget elementor-widget-text-editor\" data-id=\"b54e0cb\" data-element_type=\"widget\" data-widget_type=\"text-editor.default\">\n\t\t\t\t<div class=\"elementor-widget-container\">\n\t\t\t\t\t\t\t\t\t<h4 dir=\"ltr\" style=\"margin-top:0px; padding-top:0px;\">\u00a1Bienvenidos a nuestra secci\u00f3n de \u201cShowcase Architects\u201d !<\/h4>\n<p dir=\"ltr\">Esta secci\u00f3n sirve como un homenaje a arquitectos locales, y sus colaboradores como contratistas, suplidores, ingenieros y talento local de la construcci\u00f3n. Les queremos dar las gracias, porque sin ustedes y sus equipos nosotros no tuvi\u00e9ramos la oportunidad de seguir expandiendo nuestros servicios y productos en el mercado local.<\/p>\n<p dir=\"ltr\">A continuaci\u00f3n encontrar\u00e1n proyectos por m\u00faltiples talentosos arquitectos locales. En sus proyectos integran productos de Carmelo y resaltan la creatividad en la industria de la construcci\u00f3n al incorporar elementos de sustentabilidad, culturales, y de innovaci\u00f3n en los espacios comerciales y residenciales.<\/p>\t\t\t\t\t\t\t\t<\/div>\n\t\t\t\t<\/div>\n\t\t\t\t\t<\/div>\n\t\t<\/div>\n\t\t\t\t\t<\/div>\n\t\t<\/section>\n\t\t\t\t<section class=\"elementor-section elementor-top-section elementor-element elementor-element-6b344254 mkdf-elementor-row-grid-section elementor-section-boxed elementor-section-height-default elementor-section-height-default mkdf-parallax-row-no mkdf-content-aligment-left mkdf-disabled-bg-image-bellow-no mkdf-row-btt-light\" data-id=\"6b344254\" data-element_type=\"section\">\n\t\t\t\t\t\t<div class=\"elementor-container elementor-column-gap-default\">\n\t\t\t\t\t<div class=\"elementor-column elementor-col-100 elementor-top-column elementor-element elementor-element-164b3b15\" data-id=\"164b3b15\" data-element_type=\"column\">\n\t\t\t<div class=\"elementor-widget-wrap elementor-element-populated\">\n\t\t\t\t\t\t<div class=\"elementor-element elementor-element-192cf0be elementor-widget elementor-widget-mkdf_portfolio_list\" data-id=\"192cf0be\" data-element_type=\"widget\" data-widget_type=\"mkdf_portfolio_list.default\">\n\t\t\t\t<div class=\"elementor-widget-container\">\n\t\t\t\t\t<div class=\"mkdf-portfolio-list-holder mkdf-grid-list mkdf-disable-bottom-space mkdf-pl-gallery mkdf-three-columns mkdf-normal-space mkdf-pl-gallery-bordered-overlay    mkdf-pl-pag-no-pagination mkdf-pl-has-filter     mkdf-pl-default-skin\"  data-type=gallery data-skin=default-skin data-number-of-columns=three data-space-between-items=normal data-number-of-items=-1 data-image-proportions=portrait data-enable-image-shadow=no data-category=architecture data-orderby=date data-order=DESC data-item-style=gallery-bordered-overlay data-enable-title=yes data-title-tag=h4 data-enable-category=yes data-enable-count-images=yes data-enable-excerpt=no data-readmore=yes data-pagination-type=no-pagination data-filter=yes data-filter-order-by=name data-enable-article-animation=no data-portfolio-slider-on=no data-enable-loop=yes data-enable-autoplay=yes data-slider-speed=5000 data-slider-speed-animation=600 data-enable-navigation=yes data-enable-pagination=yes data-enable-auto-width=no data-max-num-pages=0 data-next-page=2>\n\t\t<div class=\"mkdf-pl-filter-holder\" >\n\t\t<div class=\"mkdf-plf-inner\">\n\t\t\t\t\t\t\t<ul >\n\t\t\t\t\t<li class=\"mkdf-pl-filter\" data-filter=\"\">\n\t\t\t\t\t\t<span>Show all<\/span>\n\t\t\t\t\t<\/li>\n\t\t\t\t\t\t\t\t\t\t\t<li class=\"mkdf-pl-filter\" data-filter=\".portfolio-category-federico-montilla-lopez-montilla-lopez-architects\">\n\t\t\t\t\t\t\t<span>Federico Montilla L\u00f3pez &amp; Montilla L\u00f3pez Architects<\/span>\n\t\t\t\t\t\t<\/li>\n\t\t\t\t\t\t\t\t\t\t\t<li class=\"mkdf-pl-filter\" data-filter=\".portfolio-category-fuster-architects\">\n\t\t\t\t\t\t\t<span>Fuster+ Architects<\/span>\n\t\t\t\t\t\t<\/li>\n\t\t\t\t\t\t\t\t\t\t\t<li class=\"mkdf-pl-filter\" data-filter=\".portfolio-category-home-owner\">\n\t\t\t\t\t\t\t<span>Home Owner<\/span>\n\t\t\t\t\t\t<\/li>\n\t\t\t\t\t\t\t\t\t\t\t<li class=\"mkdf-pl-filter\" data-filter=\".portfolio-category-jaime-suarez\">\n\t\t\t\t\t\t\t<span>Jaime Su\u00e1rez<\/span>\n\t\t\t\t\t\t<\/li>\n\t\t\t\t\t\t\t\t\t\t\t<li class=\"mkdf-pl-filter\" data-filter=\".portfolio-category-marvel\">\n\t\t\t\t\t\t\t<span>Marvel<\/span>\n\t\t\t\t\t\t<\/li>\n\t\t\t\t\t\t\t\t\t<\/ul>\n\t\t\t\t\t<\/div>\n\t<\/div>\n\t<div class=\"mkdf-pl-inner mkdf-outer-space  clearfix\">\n\t\t<article class=\"mkdf-pl-item mkdf-item-space  post-17802 portfolio-item type-portfolio-item status-publish has-post-thumbnail hentry portfolio-category-home-owner\">\n\t<div class=\"mkdf-pl-item-inner\">\n\t\t<a href=\"https:\/\/www.carmelo.com\/en\/portfolio-item\/combining-beachfront-luxury-with-resilient-scip-construction-in-port-aransas\/\">\n<div class=\"mkdf-pli-image\">\n\t<img fetchpriority=\"high\" decoding=\"async\" width=\"650\" height=\"433\" src=\"https:\/\/www.carmelo.com\/wp-content\/uploads\/2024\/02\/Port-Aransas-home-by-Island-Builders-GCT-Structural-Panels-0.webp\" class=\"attachment-wilmer_mikado_image_portrait size-wilmer_mikado_image_portrait wp-post-image\" alt=\"\" \/><\/div>\n<\/a>\n<div class=\"mkdf-pli-text-holder\">\n    <div class=\"mkdf-pli-text-wrapper\">\n        <div class=\"mkdf-pli-text\">\n            \t\t<h6 class=\"mkdf-pli-category-holder\">\n\t\t\t\t\t\t\t<a itemprop=\"url\" class=\"mkdf-pli-category\" href=\"https:\/\/www.carmelo.com\/en\/portfolio-category\/home-owner\/\">Home Owner<\/a>\n\t\t\t\t\t<\/h6>\n\t\n                <a href=\"https:\/\/www.carmelo.com\/en\/portfolio-item\/combining-beachfront-luxury-with-resilient-scip-construction-in-port-aransas\/\">\n\t<h4 itemprop=\"name\" class=\"mkdf-pli-title entry-title\" >\n\t\tCombining Beachfront Luxury with Resilient SCIP Construction in Port Aransas\t<\/h4>\n    <\/a>\n\n            \n            \n            \n    <div class=\"mkdf-pl-read-more-holder\">\n    \n    <a itemprop=\"url\" href=\"https:\/\/www.carmelo.com\/en\/portfolio-item\/combining-beachfront-luxury-with-resilient-scip-construction-in-port-aransas\/\" target=\"_self\"  class=\"mkdf-btn mkdf-btn-medium mkdf-btn-simple\"  >\n    <span class=\"mkdf-btn-text\"><\/span>\n    <\/a>\n    <\/div>\n\n            <\/div>\n    <\/div>\n<\/div>\n\t\t<a itemprop=\"url\" class=\"mkdf-pli-link mkdf-block-drag-link\" href=\"https:\/\/www.carmelo.com\/en\/portfolio-item\/combining-beachfront-luxury-with-resilient-scip-construction-in-port-aransas\/\" target=\"_self\"><\/a>\n\t<\/div>\n<\/article><article class=\"mkdf-pl-item mkdf-item-space  post-17306 portfolio-item type-portfolio-item status-publish has-post-thumbnail hentry portfolio-category-architecture portfolio-tag-home-owner\">\n\t<div class=\"mkdf-pl-item-inner\">\n\t\t<a href=\"https:\/\/www.carmelo.com\/en\/portfolio-item\/residential-project-with-scip\/\">\n<div class=\"mkdf-pli-image\">\n\t<img decoding=\"async\" width=\"650\" height=\"867\" src=\"https:\/\/www.carmelo.com\/wp-content\/uploads\/2023\/10\/IMG_0377-scaled.jpg\" class=\"attachment-wilmer_mikado_image_portrait size-wilmer_mikado_image_portrait wp-post-image\" alt=\"\" \/><\/div>\n<\/a>\n<div class=\"mkdf-pli-text-holder\">\n    <div class=\"mkdf-pli-text-wrapper\">\n        <div class=\"mkdf-pli-text\">\n            \t\t<h6 class=\"mkdf-pli-category-holder\">\n\t\t\t\t\t\t\t<a itemprop=\"url\" class=\"mkdf-pli-category\" href=\"https:\/\/www.carmelo.com\/en\/portfolio-category\/architecture\/\">Architecture<\/a>\n\t\t\t\t\t<\/h6>\n\t\n                <a href=\"https:\/\/www.carmelo.com\/en\/portfolio-item\/residential-project-with-scip\/\">\n\t<h4 itemprop=\"name\" class=\"mkdf-pli-title entry-title\" >\n\t\tResidential Project with SCIP\t<\/h4>\n    <\/a>\n\n            \n            \n            \n    <div class=\"mkdf-pl-read-more-holder\">\n    \n    <a itemprop=\"url\" href=\"https:\/\/www.carmelo.com\/en\/portfolio-item\/residential-project-with-scip\/\" target=\"_self\"  class=\"mkdf-btn mkdf-btn-medium mkdf-btn-simple\"  >\n    <span class=\"mkdf-btn-text\"><\/span>\n    <\/a>\n    <\/div>\n\n            <\/div>\n    <\/div>\n<\/div>\n\t\t<a itemprop=\"url\" class=\"mkdf-pli-link mkdf-block-drag-link\" href=\"https:\/\/www.carmelo.com\/en\/portfolio-item\/residential-project-with-scip\/\" target=\"_self\"><\/a>\n\t<\/div>\n<\/article><article class=\"mkdf-pl-item mkdf-item-space  post-16980 portfolio-item type-portfolio-item status-publish has-post-thumbnail hentry portfolio-category-architecture portfolio-category-marvel\">\n\t<div class=\"mkdf-pl-item-inner\">\n\t\t<a href=\"https:\/\/www.carmelo.com\/en\/portfolio-item\/acacia-resilient-home-prototype\/\">\n<div class=\"mkdf-pli-image\">\n\t<img decoding=\"async\" width=\"650\" height=\"464\" src=\"https:\/\/www.carmelo.com\/wp-content\/uploads\/2023\/05\/acacia1.jpeg\" class=\"attachment-wilmer_mikado_image_portrait size-wilmer_mikado_image_portrait wp-post-image\" alt=\"\" \/><\/div>\n<\/a>\n<div class=\"mkdf-pli-text-holder\">\n    <div class=\"mkdf-pli-text-wrapper\">\n        <div class=\"mkdf-pli-text\">\n            \t\t<h6 class=\"mkdf-pli-category-holder\">\n\t\t\t\t\t\t\t<a itemprop=\"url\" class=\"mkdf-pli-category\" href=\"https:\/\/www.carmelo.com\/en\/portfolio-category\/architecture\/\">Architecture<\/a>\n\t\t\t\t\t\t\t<a itemprop=\"url\" class=\"mkdf-pli-category\" href=\"https:\/\/www.carmelo.com\/en\/portfolio-category\/marvel\/\">Marvel<\/a>\n\t\t\t\t\t<\/h6>\n\t\n                <a href=\"https:\/\/www.carmelo.com\/en\/portfolio-item\/acacia-resilient-home-prototype\/\">\n\t<h4 itemprop=\"name\" class=\"mkdf-pli-title entry-title\" >\n\t\tAcacia Resilient Home Prototype\t<\/h4>\n    <\/a>\n\n            \n            \n            \n    <div class=\"mkdf-pl-read-more-holder\">\n    \n    <a itemprop=\"url\" href=\"https:\/\/www.carmelo.com\/en\/portfolio-item\/acacia-resilient-home-prototype\/\" target=\"_self\"  class=\"mkdf-btn mkdf-btn-medium mkdf-btn-simple\"  >\n    <span class=\"mkdf-btn-text\"><\/span>\n    <\/a>\n    <\/div>\n\n            <\/div>\n    <\/div>\n<\/div>\n\t\t<a itemprop=\"url\" class=\"mkdf-pli-link mkdf-block-drag-link\" href=\"https:\/\/www.carmelo.com\/en\/portfolio-item\/acacia-resilient-home-prototype\/\" target=\"_self\"><\/a>\n\t<\/div>\n<\/article><article class=\"mkdf-pl-item mkdf-item-space  post-11500 portfolio-item type-portfolio-item status-publish has-post-thumbnail hentry portfolio-category-architecture portfolio-category-federico-montilla-lopez-montilla-lopez-architects\">\n\t<div class=\"mkdf-pl-item-inner\">\n\t\t<a href=\"https:\/\/www.carmelo.com\/en\/portfolio-item\/cupula-of-stella-maris-catholic-church\/\">\n<div class=\"mkdf-pli-image\">\n\t<img loading=\"lazy\" decoding=\"async\" width=\"650\" height=\"434\" src=\"https:\/\/www.carmelo.com\/wp-content\/uploads\/2021\/03\/cupultb.jpg\" class=\"attachment-wilmer_mikado_image_portrait size-wilmer_mikado_image_portrait wp-post-image\" alt=\"\" \/><\/div>\n<\/a>\n<div class=\"mkdf-pli-text-holder\">\n    <div class=\"mkdf-pli-text-wrapper\">\n        <div class=\"mkdf-pli-text\">\n            \t\t<h6 class=\"mkdf-pli-category-holder\">\n\t\t\t\t\t\t\t<a itemprop=\"url\" class=\"mkdf-pli-category\" href=\"https:\/\/www.carmelo.com\/en\/portfolio-category\/architecture\/\">Architecture<\/a>\n\t\t\t\t\t\t\t<a itemprop=\"url\" class=\"mkdf-pli-category\" href=\"https:\/\/www.carmelo.com\/en\/portfolio-category\/federico-montilla-lopez-montilla-lopez-architects\/\">Federico Montilla L\u00f3pez &amp; Montilla L\u00f3pez Architects<\/a>\n\t\t\t\t\t<\/h6>\n\t\n                <a href=\"https:\/\/www.carmelo.com\/en\/portfolio-item\/cupula-of-stella-maris-catholic-church\/\">\n\t<h4 itemprop=\"name\" class=\"mkdf-pli-title entry-title\" >\n\t\tC\u00fapula of Stella Maris Catholic Church\t<\/h4>\n    <\/a>\n\n            \n            \n            \n    <div class=\"mkdf-pl-read-more-holder\">\n    \n    <a itemprop=\"url\" href=\"https:\/\/www.carmelo.com\/en\/portfolio-item\/cupula-of-stella-maris-catholic-church\/\" target=\"_self\"  class=\"mkdf-btn mkdf-btn-medium mkdf-btn-simple\"  >\n    <span class=\"mkdf-btn-text\"><\/span>\n    <\/a>\n    <\/div>\n\n            <\/div>\n    <\/div>\n<\/div>\n\t\t<a itemprop=\"url\" class=\"mkdf-pli-link mkdf-block-drag-link\" href=\"https:\/\/www.carmelo.com\/en\/portfolio-item\/cupula-of-stella-maris-catholic-church\/\" target=\"_self\"><\/a>\n\t<\/div>\n<\/article><article class=\"mkdf-pl-item mkdf-item-space  post-11450 portfolio-item type-portfolio-item status-publish has-post-thumbnail hentry portfolio-category-architecture portfolio-category-fuster-architects\">\n\t<div class=\"mkdf-pl-item-inner\">\n\t\t<a href=\"https:\/\/www.carmelo.com\/en\/portfolio-item\/casa-i-llc-by-fuster-architects\/\">\n<div class=\"mkdf-pli-image\">\n\t<img loading=\"lazy\" decoding=\"async\" width=\"650\" height=\"434\" src=\"https:\/\/www.carmelo.com\/wp-content\/uploads\/2021\/03\/CASAI-JaimeNavarro.jpg\" class=\"attachment-wilmer_mikado_image_portrait size-wilmer_mikado_image_portrait wp-post-image\" alt=\"\" \/><\/div>\n<\/a>\n<div class=\"mkdf-pli-text-holder\">\n    <div class=\"mkdf-pli-text-wrapper\">\n        <div class=\"mkdf-pli-text\">\n            \t\t<h6 class=\"mkdf-pli-category-holder\">\n\t\t\t\t\t\t\t<a itemprop=\"url\" class=\"mkdf-pli-category\" href=\"https:\/\/www.carmelo.com\/en\/portfolio-category\/architecture\/\">Architecture<\/a>\n\t\t\t\t\t\t\t<a itemprop=\"url\" class=\"mkdf-pli-category\" href=\"https:\/\/www.carmelo.com\/en\/portfolio-category\/fuster-architects\/\">Fuster+ Architects<\/a>\n\t\t\t\t\t<\/h6>\n\t\n                <a href=\"https:\/\/www.carmelo.com\/en\/portfolio-item\/casa-i-llc-by-fuster-architects\/\">\n\t<h4 itemprop=\"name\" class=\"mkdf-pli-title entry-title\" >\n\t\tCASA- i by Fuster + Architects\t<\/h4>\n    <\/a>\n\n            \n            \n            \n    <div class=\"mkdf-pl-read-more-holder\">\n    \n    <a itemprop=\"url\" href=\"https:\/\/www.carmelo.com\/en\/portfolio-item\/casa-i-llc-by-fuster-architects\/\" target=\"_self\"  class=\"mkdf-btn mkdf-btn-medium mkdf-btn-simple\"  >\n    <span class=\"mkdf-btn-text\"><\/span>\n    <\/a>\n    <\/div>\n\n            <\/div>\n    <\/div>\n<\/div>\n\t\t<a itemprop=\"url\" class=\"mkdf-pli-link mkdf-block-drag-link\" href=\"https:\/\/www.carmelo.com\/en\/portfolio-item\/casa-i-llc-by-fuster-architects\/\" target=\"_self\"><\/a>\n\t<\/div>\n<\/article><article class=\"mkdf-pl-item mkdf-item-space  post-11311 portfolio-item type-portfolio-item status-publish has-post-thumbnail hentry portfolio-category-architecture portfolio-category-fuster-architects\">\n\t<div class=\"mkdf-pl-item-inner\">\n\t\t<a href=\"https:\/\/www.carmelo.com\/en\/portfolio-item\/casa-flores\/\">\n<div class=\"mkdf-pli-image\">\n\t<img loading=\"lazy\" decoding=\"async\" width=\"650\" height=\"731\" src=\"https:\/\/www.carmelo.com\/wp-content\/uploads\/2021\/02\/Layer-1.jpg\" class=\"attachment-wilmer_mikado_image_portrait size-wilmer_mikado_image_portrait wp-post-image\" alt=\"\" \/><\/div>\n<\/a>\n<div class=\"mkdf-pli-text-holder\">\n    <div class=\"mkdf-pli-text-wrapper\">\n        <div class=\"mkdf-pli-text\">\n            \t\t<h6 class=\"mkdf-pli-category-holder\">\n\t\t\t\t\t\t\t<a itemprop=\"url\" class=\"mkdf-pli-category\" href=\"https:\/\/www.carmelo.com\/en\/portfolio-category\/architecture\/\">Architecture<\/a>\n\t\t\t\t\t\t\t<a itemprop=\"url\" class=\"mkdf-pli-category\" href=\"https:\/\/www.carmelo.com\/en\/portfolio-category\/fuster-architects\/\">Fuster+ Architects<\/a>\n\t\t\t\t\t<\/h6>\n\t\n                <a href=\"https:\/\/www.carmelo.com\/en\/portfolio-item\/casa-flores\/\">\n\t<h4 itemprop=\"name\" class=\"mkdf-pli-title entry-title\" >\n\t\tCasa Flores\t<\/h4>\n    <\/a>\n\n            \n            \n            \n    <div class=\"mkdf-pl-read-more-holder\">\n    \n    <a itemprop=\"url\" href=\"https:\/\/www.carmelo.com\/en\/portfolio-item\/casa-flores\/\" target=\"_self\"  class=\"mkdf-btn mkdf-btn-medium mkdf-btn-simple\"  >\n    <span class=\"mkdf-btn-text\"><\/span>\n    <\/a>\n    <\/div>\n\n            <\/div>\n    <\/div>\n<\/div>\n\t\t<a itemprop=\"url\" class=\"mkdf-pli-link mkdf-block-drag-link\" href=\"https:\/\/www.carmelo.com\/en\/portfolio-item\/casa-flores\/\" target=\"_self\"><\/a>\n\t<\/div>\n<\/article><article class=\"mkdf-pl-item mkdf-item-space  post-11400 portfolio-item type-portfolio-item status-publish has-post-thumbnail hentry portfolio-category-architecture portfolio-category-jaime-suarez\">\n\t<div class=\"mkdf-pl-item-inner\">\n\t\t<a href=\"https:\/\/www.carmelo.com\/en\/portfolio-item\/nostalgia-de-la-laguna\/\">\n<div class=\"mkdf-pli-image\">\n\t<img loading=\"lazy\" decoding=\"async\" width=\"650\" height=\"434\" src=\"https:\/\/www.carmelo.com\/wp-content\/uploads\/2021\/02\/Photo-by-Jaime-Suarez-Toro-on-1.jpg\" class=\"attachment-wilmer_mikado_image_portrait size-wilmer_mikado_image_portrait wp-post-image\" alt=\"\" \/><\/div>\n<\/a>\n<div class=\"mkdf-pli-text-holder\">\n    <div class=\"mkdf-pli-text-wrapper\">\n        <div class=\"mkdf-pli-text\">\n            \t\t<h6 class=\"mkdf-pli-category-holder\">\n\t\t\t\t\t\t\t<a itemprop=\"url\" class=\"mkdf-pli-category\" href=\"https:\/\/www.carmelo.com\/en\/portfolio-category\/architecture\/\">Architecture<\/a>\n\t\t\t\t\t\t\t<a itemprop=\"url\" class=\"mkdf-pli-category\" href=\"https:\/\/www.carmelo.com\/en\/portfolio-category\/jaime-suarez\/\">Jaime Su\u00e1rez<\/a>\n\t\t\t\t\t<\/h6>\n\t\n                <a href=\"https:\/\/www.carmelo.com\/en\/portfolio-item\/nostalgia-de-la-laguna\/\">\n\t<h4 itemprop=\"name\" class=\"mkdf-pli-title entry-title\" >\n\t\tNostalgia de la Laguna\t<\/h4>\n    <\/a>\n\n            \n            \n            \n    <div class=\"mkdf-pl-read-more-holder\">\n    \n    <a itemprop=\"url\" href=\"https:\/\/www.carmelo.com\/en\/portfolio-item\/nostalgia-de-la-laguna\/\" target=\"_self\"  class=\"mkdf-btn mkdf-btn-medium mkdf-btn-simple\"  >\n    <span class=\"mkdf-btn-text\"><\/span>\n    <\/a>\n    <\/div>\n\n            <\/div>\n    <\/div>\n<\/div>\n\t\t<a itemprop=\"url\" class=\"mkdf-pli-link mkdf-block-drag-link\" href=\"https:\/\/www.carmelo.com\/en\/portfolio-item\/nostalgia-de-la-laguna\/\" target=\"_self\"><\/a>\n\t<\/div>\n<\/article><article class=\"mkdf-pl-item mkdf-item-space  post-11305 portfolio-item type-portfolio-item status-publish has-post-thumbnail hentry portfolio-category-architecture portfolio-category-jaime-suarez\">\n\t<div class=\"mkdf-pl-item-inner\">\n\t\t<a href=\"https:\/\/www.carmelo.com\/en\/portfolio-item\/estampar-la-arquitectura-murales-de-jaime-suarez-para-el-paseo-de-puerta-de-tierra\/\">\n<div class=\"mkdf-pli-image\">\n\t<img loading=\"lazy\" decoding=\"async\" width=\"650\" height=\"731\" src=\"https:\/\/www.carmelo.com\/wp-content\/uploads\/2021\/02\/Layer-2.jpg\" class=\"attachment-wilmer_mikado_image_portrait size-wilmer_mikado_image_portrait wp-post-image\" alt=\"\" \/><\/div>\n<\/a>\n<div class=\"mkdf-pli-text-holder\">\n    <div class=\"mkdf-pli-text-wrapper\">\n        <div class=\"mkdf-pli-text\">\n            \t\t<h6 class=\"mkdf-pli-category-holder\">\n\t\t\t\t\t\t\t<a itemprop=\"url\" class=\"mkdf-pli-category\" href=\"https:\/\/www.carmelo.com\/en\/portfolio-category\/architecture\/\">Architecture<\/a>\n\t\t\t\t\t\t\t<a itemprop=\"url\" class=\"mkdf-pli-category\" href=\"https:\/\/www.carmelo.com\/en\/portfolio-category\/jaime-suarez\/\">Jaime Su\u00e1rez<\/a>\n\t\t\t\t\t<\/h6>\n\t\n                <a href=\"https:\/\/www.carmelo.com\/en\/portfolio-item\/estampar-la-arquitectura-murales-de-jaime-suarez-para-el-paseo-de-puerta-de-tierra\/\">\n\t<h4 itemprop=\"name\" class=\"mkdf-pli-title entry-title\" >\n\t\tEstampar la Arquitectura: Murales de Jaime Su\u00e1rez para el Paseo de Puerta de Tierra\t<\/h4>\n    <\/a>\n\n            \n            \n            \n    <div class=\"mkdf-pl-read-more-holder\">\n    \n    <a itemprop=\"url\" href=\"https:\/\/www.carmelo.com\/en\/portfolio-item\/estampar-la-arquitectura-murales-de-jaime-suarez-para-el-paseo-de-puerta-de-tierra\/\" target=\"_self\"  class=\"mkdf-btn mkdf-btn-medium mkdf-btn-simple\"  >\n    <span class=\"mkdf-btn-text\"><\/span>\n    <\/a>\n    <\/div>\n\n            <\/div>\n    <\/div>\n<\/div>\n\t\t<a itemprop=\"url\" class=\"mkdf-pli-link mkdf-block-drag-link\" href=\"https:\/\/www.carmelo.com\/en\/portfolio-item\/estampar-la-arquitectura-murales-de-jaime-suarez-para-el-paseo-de-puerta-de-tierra\/\" target=\"_self\"><\/a>\n\t<\/div>\n<\/article>\t<\/div>\n\t\n\t<\/div>\t\t\t\t<\/div>\n\t\t\t\t<\/div>\n\t\t\t\t\t<\/div>\n\t\t<\/div>\n\t\t\t\t\t<\/div>\n\t\t<\/section>\n\t\t\t\t<\/div>\n\t\t","protected":false},"excerpt":{"rendered":"<p>\u00a1Bienvenidos a nuestra secci\u00f3n de \u201cShowcase Architects\u201d ! Esta secci\u00f3n sirve como un homenaje a arquitectos locales, y sus colaboradores como contratistas, suplidores, ingenieros y talento local de la construcci\u00f3n. Les queremos dar las gracias, porque sin ustedes y sus [&hellip;]<\/p>\n","protected":false},"author":1,"featured_media":0,"parent":0,"menu_order":0,"comment_status":"closed","ping_status":"closed","template":"full-width.php","meta":{"footnotes":""},"class_list":["post-11912","page","type-page","status-publish","hentry"],"_links":{"self":[{"href":"https:\/\/www.carmelo.com\/en\/wp-json\/wp\/v2\/pages\/11912","targetHints":{"allow":["GET"]}}],"collection":[{"href":"https:\/\/www.carmelo.com\/en\/wp-json\/wp\/v2\/pages"}],"about":[{"href":"https:\/\/www.carmelo.com\/en\/wp-json\/wp\/v2\/types\/page"}],"author":[{"embeddable":true,"href":"https:\/\/www.carmelo.com\/en\/wp-json\/wp\/v2\/users\/1"}],"replies":[{"embeddable":true,"href":"https:\/\/www.carmelo.com\/en\/wp-json\/wp\/v2\/comments?post=11912"}],"version-history":[{"count":0,"href":"https:\/\/www.carmelo.com\/en\/wp-json\/wp\/v2\/pages\/11912\/revisions"}],"wp:attachment":[{"href":"https:\/\/www.carmelo.com\/en\/wp-json\/wp\/v2\/media?parent=11912"}],"curies":[{"name":"wp","href":"https:\/\/api.w.org\/{rel}","templated":true}]}}